{"id":1983,"date":"2024-09-09T08:26:28","date_gmt":"2024-09-09T08:26:28","guid":{"rendered":"https:\/\/leonsolarmount.com\/?post_type=product&#038;p=1983"},"modified":"2024-09-20T14:52:17","modified_gmt":"2024-09-20T14:52:17","slug":"double-row-carbon-steel-carport","status":"publish","type":"product","link":"https:\/\/leonsolarmount.com\/de\/produkt\/double-row-carbon-steel-carport\/","title":{"rendered":"Zweireihiger Carport aus Kohlenstoffstahl"},"content":{"rendered":"<p><strong>Double-row Carbon Steel Carport: Purpose and Advantages<\/strong><\/p>\n<p>The Double-row Carbon Steel Carport is a robust and versatile structure designed primarily for the installation of photovoltaic (PV) panels. Its primary purpose is to provide a stable and secure platform for mounting solar panels, ensuring optimal exposure to sunlight and efficient energy generation.<\/p>\n<p><img fetchpriority=\"high\" decoding=\"async\" class=\"size-large wp-image-1986\" src=\"https:\/\/leonsolarmount.com\/wp-content\/uploads\/2024\/09\/leon-solar-Double-row-carbon-steel-carport-400-1024x680.png\" alt=\"Overview of Double-row Carbon Steel Carport The Double-row Carbon Steel Carport is a highly efficient and reliable structure designed for the mounting of photovoltaic panels. Constructed with durable carbon steel, this carport provides a robust framework that ensures optimal solar exposure and energy generation. Its double-row design maximizes space utilization, allowing for the installation of a larger number of PV panels in a compact area, thereby enhancing overall energy production. This structure boasts excellent load-bearing capacity, capable of withstanding significant wind and snow loads, making it suitable for diverse climatic conditions. The use of prefabricated components simplifies the installation process, reducing both time and labor costs. Additionally, its corrosion-resistant properties minimize maintenance requirements. Beyond its primary function of supporting PV panels, the Double-row Carbon Steel Carport also offers versatility in application. It can serve as a shelter for vehicles, storage space, or even a covered outdoor living area. With its aesthetic appeal and various design options, it adds value to any property while promoting environmental sustainability through renewable energy generation. In essence, the Double-row Carbon Steel Carport is a comprehensive solution that combines strength, durability, and functionality, making it an excellent choice for those seeking to harness solar energy effectively.\" width=\"1024\" height=\"680\" srcset=\"https:\/\/leonsolarmount.com\/wp-content\/uploads\/2024\/09\/leon-solar-Double-row-carbon-steel-carport-400-1024x680.png 1024w, https:\/\/leonsolarmount.com\/wp-content\/uploads\/2024\/09\/leon-solar-Double-row-carbon-steel-carport-400-600x398.png 600w, https:\/\/leonsolarmount.com\/wp-content\/uploads\/2024\/09\/leon-solar-Double-row-carbon-steel-carport-400-300x199.png 300w, https:\/\/leonsolarmount.com\/wp-content\/uploads\/2024\/09\/leon-solar-Double-row-carbon-steel-carport-400-768x510.png 768w, https:\/\/leonsolarmount.com\/wp-content\/uploads\/2024\/09\/leon-solar-Double-row-carbon-steel-carport-400-1536x1019.png 1536w, https:\/\/leonsolarmount.com\/wp-content\/uploads\/2024\/09\/leon-solar-Double-row-carbon-steel-carport-400-2048x1359.png 2048w\" sizes=\"(max-width: 1024px) 100vw, 1024px\" \/><\/p>\n<p><strong>Key Features and Advantages:<\/strong><\/p>\n<ol>\n<li><strong>High-Strength Carbon Steel Construction<\/strong>: Made from durable carbon steel, this carport boasts excellent mechanical strength and corrosion resistance, ensuring long-lasting performance.<\/li>\n<li><strong>Double-Row Design<\/strong>: The double-row layout maximizes space utilization, allowing for the installation of more PV panels in a smaller area, thus increasing energy production capacity.<\/li>\n<li><strong>Excellent Load-Bearing Capacity<\/strong>: This structure can withstand significant wind loads and snow loads, making it suitable for various climatic conditions.<\/li>\n<li><strong>Easy Installation and Maintenance<\/strong>: Prefabricated components facilitate quick and straightforward assembly, reducing installation time and labor costs. Maintenance is also minimal due to the corrosion-resistant nature of carbon steel.<\/li>\n<li><strong>Versatile Applications<\/strong>: Besides PV panel mounting, this carport can also be used for other purposes such as providing shelter for vehicles, storage, or even as a covered outdoor living space.<\/li>\n<li><strong>Aesthetic Appeal<\/strong>: Available in various designs and finishes, the Double-row Carbon Steel Carport not only serves functional purposes but also adds aesthetic value to any property.<\/li>\n<li><strong>Environmental Sustainability<\/strong>: By supporting renewable energy generation through PV panels, this carport contributes to reducing carbon emissions and promoting sustainability.<\/li>\n<\/ol>\n<p>In summary, the Double-row Carbon Steel Carport is an ideal solution for anyone looking to harness solar energy efficiently while enjoying the benefits of a sturdy and versatile structure. Its combination of strength, durability, and ease of installation makes it a popular choice among homeowners and businesses alike.<\/p>\n<p><img decoding=\"async\" class=\"size-full wp-image-2612\" src=\"https:\/\/leonsolarmount.com\/wp-content\/uploads\/2024\/09\/leon-solar-brackets-pv-system-certification.png\" alt=\"Wichtigste Zertifizierungen und Zwecke von PV-Montagesystemen Zu den wichtigsten Zertifizierungen f\u00fcr PV-Montagesysteme geh\u00f6ren: IEC 61730: Gew\u00e4hrleistet Sicherheits- und Leistungsstandards f\u00fcr PV-Module und deren Montagesysteme. UL 1703: Deckt die Sicherheitsanforderungen f\u00fcr PV-Flachmodule und deren Halterungen ab. CE-Kennzeichnung: Kennzeichnet die Einhaltung der EU-Normen f\u00fcr Gesundheit, Sicherheit und Umweltschutz. TUV-Zertifizierung: Best\u00e4tigt die Qualit\u00e4t und Zuverl\u00e4ssigkeit von PV-Produkten und -Systemen. Diese Zertifizierungen gew\u00e4hrleisten, dass PV-Montagesysteme strenge Qualit\u00e4ts- und Sicherheitsstandards erf\u00fcllen und zuverl\u00e4ssige Leistung und Schutz vor potenziellen Gefahren bieten. Sie sind entscheidend f\u00fcr die Marktakzeptanz und das Vertrauen der Verbraucher.\" width=\"771\" height=\"390\" srcset=\"https:\/\/leonsolarmount.com\/wp-content\/uploads\/2024\/09\/leon-solar-brackets-pv-system-certification.png 771w, https:\/\/leonsolarmount.com\/wp-content\/uploads\/2024\/09\/leon-solar-brackets-pv-system-certification-300x152.png 300w, https:\/\/leonsolarmount.com\/wp-content\/uploads\/2024\/09\/leon-solar-brackets-pv-system-certification-768x388.png 768w, https:\/\/leonsolarmount.com\/wp-content\/uploads\/2024\/09\/leon-solar-brackets-pv-system-certification-600x304.png 600w\" sizes=\"(max-width: 771px) 100vw, 771px\" \/><\/p>","protected":false},"excerpt":{"rendered":"<p>Install Site: Open Terrain<\/p>\n<p>Windgeschwindigkeit: bis zu 60m\/s<\/p>\n<p>Bewertung der Schneelast: 1.4kn\/\u33a1<\/p>\n<p>Tilt Angle: 0-20\u00b0<\/p>\n<p>Material: Q235B&amp;Zinc-Alu-Mg steel, stainless steel SUS304<\/p>\n<p>Certificates:CE, SGS<\/p>\n<p>Garantie: 10 Jahre<\/p>\n<p>Compliance:AS\/NZS1170.2,Euro Code 8, DIN 1055.IBC 2006x`<\/p>","protected":false},"featured_media":1984,"template":"","meta":{"site-sidebar-layout":"default","site-content-layout":"","ast-site-content-layout":"default","site-content-style":"default","site-sidebar-style":"default","ast-global-header-display":"","ast-banner-title-visibility":"","ast-main-header-display":"","ast-hfb-above-header-display":"","ast-hfb-below-header-display":"","ast-hfb-mobile-header-display":"","site-post-title":"","ast-breadcrumbs-content":"","ast-featured-img":"","footer-sml-layout":"","theme-transparent-header-meta":"default","adv-header-id-meta":"","stick-header-meta":"default","header-above-stick-meta":"","header-main-stick-meta":"","header-below-stick-meta":"","astra-migrate-meta-layouts":"set","ast-page-background-enabled":"default","ast-page-background-meta":{"desktop":{"background-color":"var(--ast-global-color-4)","background-image":"","background-repeat":"repeat","background-position":"center center","background-size":"auto","background-attachment":"scroll","background-type":"","background-media":"","overlay-type":"","overlay-color":"","overlay-opacity":"","overlay-gradient":""},"tablet":{"background-color":"","background-image":"","background-repeat":"repeat","background-position":"center center","background-size":"auto","background-attachment":"scroll","background-type":"","background-media":"","overlay-type":"","overlay-color":"","overlay-opacity":"","overlay-gradient":""},"mobile":{"background-color":"","background-image":"","background-repeat":"repeat","background-position":"center center","background-size":"auto","background-attachment":"scroll","background-type":"","background-media":"","overlay-type":"","overlay-color":"","overlay-opacity":"","overlay-gradient":""}},"ast-content-background-meta":{"desktop":{"background-color":"var(--ast-global-color-5)","background-image":"","background-repeat":"repeat","background-position":"center center","background-size":"auto","background-attachment":"scroll","background-type":"","background-media":"","overlay-type":"","overlay-color":"","overlay-opacity":"","overlay-gradient":""},"tablet":{"background-color":"var(--ast-global-color-5)","background-image":"","background-repeat":"repeat","background-position":"center center","background-size":"auto","background-attachment":"scroll","background-type":"","background-media":"","overlay-type":"","overlay-color":"","overlay-opacity":"","overlay-gradient":""},"mobile":{"background-color":"var(--ast-global-color-5)","background-image":"","background-repeat":"repeat","background-position":"center center","background-size":"auto","background-attachment":"scroll","background-type":"","background-media":"","overlay-type":"","overlay-color":"","overlay-opacity":"","overlay-gradient":""}}},"product_brand":[],"product_cat":[65,101,75],"product_tag":[153,152,163,150,155,156],"class_list":{"0":"post-1983","1":"product","2":"type-product","3":"status-publish","4":"has-post-thumbnail","6":"product_cat-all-products","7":"product_cat-carport-mounting-system","8":"product_cat-leonsolar-ground-pv-system","9":"product_tag-carport","10":"product_tag-carport-system","11":"product_tag-double-row-carbon-steel-solar-carport-system","12":"product_tag-solar-carport-system","13":"product_tag-steel-solar-carport","14":"product_tag-steel-solar-carport-pv-system","15":"desktop-align-left","16":"tablet-align-left","17":"mobile-align-left","19":"first","20":"instock","21":"shipping-taxable","22":"product-type-simple"},"yoast_head":"<!-- This site is optimized with the Yoast SEO Premium plugin v23.3 (Yoast SEO v23.8) - https:\/\/yoast.com\/wordpress\/plugins\/seo\/ -->\n<title>Double-row carbon steel carport -<\/title>\n<meta name=\"robots\" content=\"index, follow, max-snippet:-1, max-image-preview:large, max-video-preview:-1\" \/>\n<link rel=\"canonical\" href=\"https:\/\/leonsolarmount.com\/de\/produkt\/double-row-carbon-steel-carport\/\" \/>\n<meta property=\"og:locale\" content=\"de_DE\" \/>\n<meta property=\"og:type\" content=\"article\" \/>\n<meta property=\"og:title\" content=\"Double-row carbon steel carport\" \/>\n<meta property=\"og:description\" content=\"Install Site: Open Terrain  Wind Speed: Up To 60m\/s  Snow Load Rating: 1.4kn\/\u33a1  Tilt Angle: 0-20\u00b0  Material: Q235B&amp;Zinc-Alu-Mg steel, stainless steel SUS304  Certificates:CE, SGS  Warranty: 10 years  Compliance:AS\/NZS1170.2,Euro Code 8, DIN 1055.IBC 2006x`\" \/>\n<meta property=\"og:url\" content=\"https:\/\/leonsolarmount.com\/de\/produkt\/double-row-carbon-steel-carport\/\" \/>\n<meta property=\"article:publisher\" content=\"https:\/\/www.facebook.com\/profile.php?id=100091002557296\" \/>\n<meta property=\"article:modified_time\" content=\"2024-09-20T14:52:17+00:00\" \/>\n<meta property=\"og:image\" content=\"https:\/\/leonsolarmount.com\/wp-content\/uploads\/2024\/09\/leon-solar-Double-row-carbon-steel-carport-100-1024x680.png\" \/>\n\t<meta property=\"og:image:width\" content=\"1024\" \/>\n\t<meta property=\"og:image:height\" content=\"680\" \/>\n\t<meta property=\"og:image:type\" content=\"image\/png\" \/>\n<meta name=\"twitter:card\" content=\"summary_large_image\" \/>\n<meta name=\"twitter:label1\" content=\"Gesch\u00e4tzte Lesezeit\" \/>\n\t<meta name=\"twitter:data1\" content=\"1 Minute\" \/>\n<script type=\"application\/ld+json\" class=\"yoast-schema-graph\">{\"@context\":\"https:\/\/schema.org\",\"@graph\":[{\"@type\":\"WebPage\",\"@id\":\"https:\/\/leonsolarmount.com\/product\/double-row-carbon-steel-carport\/\",\"url\":\"https:\/\/leonsolarmount.com\/product\/double-row-carbon-steel-carport\/\",\"name\":\"Double-row carbon steel carport -\",\"isPartOf\":{\"@id\":\"https:\/\/leonsolarmount.com\/ru\/#website\"},\"primaryImageOfPage\":{\"@id\":\"https:\/\/leonsolarmount.com\/product\/double-row-carbon-steel-carport\/#primaryimage\"},\"image\":{\"@id\":\"https:\/\/leonsolarmount.com\/product\/double-row-carbon-steel-carport\/#primaryimage\"},\"thumbnailUrl\":\"https:\/\/leonsolarmount.com\/wp-content\/uploads\/2024\/09\/leon-solar-Double-row-carbon-steel-carport-100.png\",\"datePublished\":\"2024-09-09T08:26:28+00:00\",\"dateModified\":\"2024-09-20T14:52:17+00:00\",\"breadcrumb\":{\"@id\":\"https:\/\/leonsolarmount.com\/product\/double-row-carbon-steel-carport\/#breadcrumb\"},\"inLanguage\":\"de-AT\",\"potentialAction\":[{\"@type\":\"ReadAction\",\"target\":[\"https:\/\/leonsolarmount.com\/product\/double-row-carbon-steel-carport\/\"]}]},{\"@type\":\"ImageObject\",\"inLanguage\":\"de-AT\",\"@id\":\"https:\/\/leonsolarmount.com\/product\/double-row-carbon-steel-carport\/#primaryimage\",\"url\":\"https:\/\/leonsolarmount.com\/wp-content\/uploads\/2024\/09\/leon-solar-Double-row-carbon-steel-carport-100.png\",\"contentUrl\":\"https:\/\/leonsolarmount.com\/wp-content\/uploads\/2024\/09\/leon-solar-Double-row-carbon-steel-carport-100.png\",\"width\":8000,\"height\":5309},{\"@type\":\"BreadcrumbList\",\"@id\":\"https:\/\/leonsolarmount.com\/product\/double-row-carbon-steel-carport\/#breadcrumb\",\"itemListElement\":[{\"@type\":\"ListItem\",\"position\":1,\"name\":\"\u9996\u9875\",\"item\":\"https:\/\/leonsolarmount.com\/ru\/\"},{\"@type\":\"ListItem\",\"position\":2,\"name\":\"\u5546\u54c1\",\"item\":\"https:\/\/leonsolarmount.com\/ja\/shop\/\"},{\"@type\":\"ListItem\",\"position\":3,\"name\":\"Double-row carbon steel carport\"}]},{\"@type\":\"WebSite\",\"@id\":\"https:\/\/leonsolarmount.com\/ru\/#website\",\"url\":\"https:\/\/leonsolarmount.com\/ru\/\",\"name\":\"Leon Solar Mount\",\"description\":\"ground mount system,tin roof mount system,tie roof mount system,floating pv system,solar pv Accessories\",\"publisher\":{\"@id\":\"https:\/\/leonsolarmount.com\/ru\/#organization\"},\"potentialAction\":[{\"@type\":\"SearchAction\",\"target\":{\"@type\":\"EntryPoint\",\"urlTemplate\":\"https:\/\/leonsolarmount.com\/ru\/?s={search_term_string}\"},\"query-input\":{\"@type\":\"PropertyValueSpecification\",\"valueRequired\":true,\"valueName\":\"search_term_string\"}}],\"inLanguage\":\"de-AT\"},{\"@type\":\"Organization\",\"@id\":\"https:\/\/leonsolarmount.com\/ru\/#organization\",\"name\":\"Xiamen Leon Solar Technology Co., Ltd\",\"url\":\"https:\/\/leonsolarmount.com\/ru\/\",\"logo\":{\"@type\":\"ImageObject\",\"inLanguage\":\"de-AT\",\"@id\":\"https:\/\/leonsolarmount.com\/ru\/#\/schema\/logo\/image\/\",\"url\":\"https:\/\/leonsolarmount.com\/wp-content\/uploads\/2024\/09\/leon-solar-company-logo-250-250.png\",\"contentUrl\":\"https:\/\/leonsolarmount.com\/wp-content\/uploads\/2024\/09\/leon-solar-company-logo-250-250.png\",\"width\":1044,\"height\":720,\"caption\":\"Xiamen Leon Solar Technology Co., Ltd\"},\"image\":{\"@id\":\"https:\/\/leonsolarmount.com\/ru\/#\/schema\/logo\/image\/\"},\"sameAs\":[\"https:\/\/www.facebook.com\/profile.php?id=100091002557296\",\"https:\/\/www.linkedin.com\/company\/xiamen-leon-solar-technology-corporation\/?viewAsMember=true\",\"https:\/\/www.youtube.com\/@xiecindy2767\",\"https:\/\/www.instagram.com\/leonsolarcindy\/\"],\"foundingDate\":\"2018-11-05\",\"numberOfEmployees\":{\"@type\":\"QuantitativeValue\",\"minValue\":\"1\",\"maxValue\":\"10\"}}]}<\/script>\n<!-- \/ Yoast SEO Premium plugin. -->","yoast_head_json":{"title":"Double-row carbon steel carport -","robots":{"index":"index","follow":"follow","max-snippet":"max-snippet:-1","max-image-preview":"max-image-preview:large","max-video-preview":"max-video-preview:-1"},"canonical":"https:\/\/leonsolarmount.com\/de\/produkt\/double-row-carbon-steel-carport\/","og_locale":"de_DE","og_type":"article","og_title":"Double-row carbon steel carport","og_description":"Install Site: Open Terrain  Wind Speed: Up To 60m\/s  Snow Load Rating: 1.4kn\/\u33a1  Tilt Angle: 0-20\u00b0  Material: Q235B&amp;Zinc-Alu-Mg steel, stainless steel SUS304  Certificates:CE, SGS  Warranty: 10 years  Compliance:AS\/NZS1170.2,Euro Code 8, DIN 1055.IBC 2006x`","og_url":"https:\/\/leonsolarmount.com\/de\/produkt\/double-row-carbon-steel-carport\/","article_publisher":"https:\/\/www.facebook.com\/profile.php?id=100091002557296","article_modified_time":"2024-09-20T14:52:17+00:00","og_image":[{"width":1024,"height":680,"url":"https:\/\/leonsolarmount.com\/wp-content\/uploads\/2024\/09\/leon-solar-Double-row-carbon-steel-carport-100-1024x680.png","type":"image\/png"}],"twitter_card":"summary_large_image","twitter_misc":{"Gesch\u00e4tzte Lesezeit":"1 Minute"},"schema":{"@context":"https:\/\/schema.org","@graph":[{"@type":"WebPage","@id":"https:\/\/leonsolarmount.com\/product\/double-row-carbon-steel-carport\/","url":"https:\/\/leonsolarmount.com\/product\/double-row-carbon-steel-carport\/","name":"Double-row carbon steel carport -","isPartOf":{"@id":"https:\/\/leonsolarmount.com\/ru\/#website"},"primaryImageOfPage":{"@id":"https:\/\/leonsolarmount.com\/product\/double-row-carbon-steel-carport\/#primaryimage"},"image":{"@id":"https:\/\/leonsolarmount.com\/product\/double-row-carbon-steel-carport\/#primaryimage"},"thumbnailUrl":"https:\/\/leonsolarmount.com\/wp-content\/uploads\/2024\/09\/leon-solar-Double-row-carbon-steel-carport-100.png","datePublished":"2024-09-09T08:26:28+00:00","dateModified":"2024-09-20T14:52:17+00:00","breadcrumb":{"@id":"https:\/\/leonsolarmount.com\/product\/double-row-carbon-steel-carport\/#breadcrumb"},"inLanguage":"de-AT","potentialAction":[{"@type":"ReadAction","target":["https:\/\/leonsolarmount.com\/product\/double-row-carbon-steel-carport\/"]}]},{"@type":"ImageObject","inLanguage":"de-AT","@id":"https:\/\/leonsolarmount.com\/product\/double-row-carbon-steel-carport\/#primaryimage","url":"https:\/\/leonsolarmount.com\/wp-content\/uploads\/2024\/09\/leon-solar-Double-row-carbon-steel-carport-100.png","contentUrl":"https:\/\/leonsolarmount.com\/wp-content\/uploads\/2024\/09\/leon-solar-Double-row-carbon-steel-carport-100.png","width":8000,"height":5309},{"@type":"BreadcrumbList","@id":"https:\/\/leonsolarmount.com\/product\/double-row-carbon-steel-carport\/#breadcrumb","itemListElement":[{"@type":"ListItem","position":1,"name":"\u9996\u9875","item":"https:\/\/leonsolarmount.com\/ru\/"},{"@type":"ListItem","position":2,"name":"\u5546\u54c1","item":"https:\/\/leonsolarmount.com\/ja\/shop\/"},{"@type":"ListItem","position":3,"name":"Double-row carbon steel carport"}]},{"@type":"WebSite","@id":"https:\/\/leonsolarmount.com\/ru\/#website","url":"https:\/\/leonsolarmount.com\/ru\/","name":"Leon Solar Mount","description":"Bodenmontage-System, Blechdach-Montage-System, Krawatte Dach montieren System, schwimmende PV-System, Solar-PV-Zubeh\u00f6r","publisher":{"@id":"https:\/\/leonsolarmount.com\/ru\/#organization"},"potentialAction":[{"@type":"SearchAction","target":{"@type":"EntryPoint","urlTemplate":"https:\/\/leonsolarmount.com\/ru\/?s={search_term_string}"},"query-input":{"@type":"PropertyValueSpecification","valueRequired":true,"valueName":"search_term_string"}}],"inLanguage":"de-AT"},{"@type":"Organization","@id":"https:\/\/leonsolarmount.com\/ru\/#organization","name":"Xiamen Leon Solar Technology Co. Ltd.","url":"https:\/\/leonsolarmount.com\/ru\/","logo":{"@type":"ImageObject","inLanguage":"de-AT","@id":"https:\/\/leonsolarmount.com\/ru\/#\/schema\/logo\/image\/","url":"https:\/\/leonsolarmount.com\/wp-content\/uploads\/2024\/09\/leon-solar-company-logo-250-250.png","contentUrl":"https:\/\/leonsolarmount.com\/wp-content\/uploads\/2024\/09\/leon-solar-company-logo-250-250.png","width":1044,"height":720,"caption":"Xiamen Leon Solar Technology Co., Ltd"},"image":{"@id":"https:\/\/leonsolarmount.com\/ru\/#\/schema\/logo\/image\/"},"sameAs":["https:\/\/www.facebook.com\/profile.php?id=100091002557296","https:\/\/www.linkedin.com\/company\/xiamen-leon-solar-technology-corporation\/?viewAsMember=true","https:\/\/www.youtube.com\/@xiecindy2767","https:\/\/www.instagram.com\/leonsolarcindy\/"],"foundingDate":"2018-11-05","numberOfEmployees":{"@type":"QuantitativeValue","minValue":"1","maxValue":"10"}}]}},"_links":{"self":[{"href":"https:\/\/leonsolarmount.com\/de\/wp-json\/wp\/v2\/product\/1983"}],"collection":[{"href":"https:\/\/leonsolarmount.com\/de\/wp-json\/wp\/v2\/product"}],"about":[{"href":"https:\/\/leonsolarmount.com\/de\/wp-json\/wp\/v2\/types\/product"}],"wp:featuredmedia":[{"embeddable":true,"href":"https:\/\/leonsolarmount.com\/de\/wp-json\/wp\/v2\/media\/1984"}],"wp:attachment":[{"href":"https:\/\/leonsolarmount.com\/de\/wp-json\/wp\/v2\/media?parent=1983"}],"wp:term":[{"taxonomy":"product_brand","embeddable":true,"href":"https:\/\/leonsolarmount.com\/de\/wp-json\/wp\/v2\/product_brand?post=1983"},{"taxonomy":"product_cat","embeddable":true,"href":"https:\/\/leonsolarmount.com\/de\/wp-json\/wp\/v2\/product_cat?post=1983"},{"taxonomy":"product_tag","embeddable":true,"href":"https:\/\/leonsolarmount.com\/de\/wp-json\/wp\/v2\/product_tag?post=1983"}],"curies":[{"name":"wp","href":"https:\/\/api.w.org\/{rel}","templated":true}]}}