{"id":2061,"date":"2024-09-10T02:00:55","date_gmt":"2024-09-10T02:00:55","guid":{"rendered":"https:\/\/leonsolarmount.com\/?post_type=product&#038;p=2061"},"modified":"2024-09-25T06:54:57","modified_gmt":"2024-09-25T06:54:57","slug":"roof-tripod-solar-pv-system","status":"publish","type":"product","link":"https:\/\/leonsolarmount.com\/de_ch\/produkt\/roof-tripod-solar-pv-system\/","title":{"rendered":"Dachstativ-Solaranlage"},"content":{"rendered":"<p>The Roof Tripod Solar PV System is a versatile and robust solar mounting solution designed for installation on various roof types, including corrugated iron surfaces. Its primary purpose is to facilitate efficient solar energy generation, capable of meeting the daily electricity needs of households and businesses.<\/p>\n<p><img fetchpriority=\"high\" decoding=\"async\" class=\"size-full wp-image-2064\" src=\"https:\/\/leonsolarmount.com\/wp-content\/uploads\/2024\/09\/leon-solar-Roof-tripod-solar-pv-system-100.png\" alt=\"The Roof Tripod Solar PV System is designed to mount solar panels on roofs, including corrugated iron surfaces, to generate clean electricity for meeting daily energy needs, promoting sustainability and energy independence.\" width=\"8000\" height=\"5362\" srcset=\"https:\/\/leonsolarmount.com\/wp-content\/uploads\/2024\/09\/leon-solar-Roof-tripod-solar-pv-system-100.png 8000w, https:\/\/leonsolarmount.com\/wp-content\/uploads\/2024\/09\/leon-solar-Roof-tripod-solar-pv-system-100-600x402.png 600w, https:\/\/leonsolarmount.com\/wp-content\/uploads\/2024\/09\/leon-solar-Roof-tripod-solar-pv-system-100-300x201.png 300w, https:\/\/leonsolarmount.com\/wp-content\/uploads\/2024\/09\/leon-solar-Roof-tripod-solar-pv-system-100-1024x686.png 1024w, https:\/\/leonsolarmount.com\/wp-content\/uploads\/2024\/09\/leon-solar-Roof-tripod-solar-pv-system-100-768x515.png 768w, https:\/\/leonsolarmount.com\/wp-content\/uploads\/2024\/09\/leon-solar-Roof-tripod-solar-pv-system-100-1536x1030.png 1536w, https:\/\/leonsolarmount.com\/wp-content\/uploads\/2024\/09\/leon-solar-Roof-tripod-solar-pv-system-100-2048x1373.png 2048w\" sizes=\"(max-width: 8000px) 100vw, 8000px\" \/><\/p>\n<h3>Wichtigste Verwendungszwecke:<\/h3>\n<ul>\n<li><strong>Energy Independence<\/strong>: Allows property owners to generate their own electricity, reducing reliance on the grid.<\/li>\n<li><strong>Versatile Roof Compatibility<\/strong>: Specifically engineered to be installed on corrugated iron roofs, making it suitable for a wide range of residential and industrial applications.<\/li>\n<li><strong>Scalable Design<\/strong>: Can be expanded or modified to accommodate different sizes and numbers of solar panels based on energy requirements.<\/li>\n<\/ul>\n<h3>Bemerkenswerte Vorteile:<\/h3>\n<ul>\n<li><strong>Durability and Stability<\/strong>: Built with heavy-duty materials to withstand harsh environmental conditions, ensuring long-term stability and performance.<\/li>\n<li><strong>Einfacher Einbau<\/strong>: The tripod design simplifies the installation process, making it faster and more straightforward, even on complex roof structures.<\/li>\n<li><strong>Optimal Solar Exposure<\/strong>: Maximizes sunlight capture by allowing for precise panel positioning, enhancing energy yield.<\/li>\n<li><strong>Cost-Effective Solution<\/strong>: Reduces electricity bills over time and offers a favorable return on investment.<\/li>\n<\/ul>\n<h3>Special Consideration for Corrugated Iron Roofs:<\/h3>\n<ul>\n<li><strong>Secure Attachment<\/strong>: The tripod system provides a secure and reliable attachment to corrugated iron surfaces, minimizing the risk of panel displacement due to wind or other external factors.<\/li>\n<li><strong>Witterungsbest\u00e4ndigkeit<\/strong>: Designed to withstand extreme weather conditions, including heavy rain, strong winds, and intense sunlight, ensuring continuous operation and energy production.<\/li>\n<li><strong>Space Utilization<\/strong>: Efficiently uses available roof space, making it an ideal solution for properties with limited area for solar panel installation.<\/li>\n<\/ul>\n<p>By incorporating elements from the provided list of 100 keywords, such as &#8220;Roof PV Mounts,&#8221; &#8220;Solar Panel Installation,&#8221; and &#8220;PV System Roof Mounts,&#8221; the Roof Tripod Solar PV System offers a comprehensive and reliable approach to harnessing solar energy on corrugated iron roofs. This integration ensures that users can achieve their daily electricity needs while contributing to environmental sustainability and energy efficiency.<\/p>\n<h3>Technische Zertifizierungen:<\/h3>\n<p>&nbsp;<\/p>\n<p><img decoding=\"async\" class=\"size-full wp-image-2612\" src=\"https:\/\/leonsolarmount.com\/wp-content\/uploads\/2024\/09\/leon-solar-brackets-pv-system-certification.png\" alt=\"Wichtigste Zertifizierungen und Zwecke von PV-Montagesystemen Zu den wichtigsten Zertifizierungen f\u00fcr PV-Montagesysteme geh\u00f6ren: IEC 61730: Gew\u00e4hrleistet Sicherheits- und Leistungsstandards f\u00fcr PV-Module und deren Montagesysteme. UL 1703: Deckt die Sicherheitsanforderungen f\u00fcr PV-Flachmodule und deren Halterungen ab. CE-Kennzeichnung: Kennzeichnet die Einhaltung der EU-Normen f\u00fcr Gesundheit, Sicherheit und Umweltschutz. TUV-Zertifizierung: Best\u00e4tigt die Qualit\u00e4t und Zuverl\u00e4ssigkeit von PV-Produkten und -Systemen. Diese Zertifizierungen gew\u00e4hrleisten, dass PV-Montagesysteme strenge Qualit\u00e4ts- und Sicherheitsstandards erf\u00fcllen und zuverl\u00e4ssige Leistung und Schutz vor potenziellen Gefahren bieten. Sie sind entscheidend f\u00fcr die Marktakzeptanz und das Vertrauen der Verbraucher.\" width=\"771\" height=\"390\" srcset=\"https:\/\/leonsolarmount.com\/wp-content\/uploads\/2024\/09\/leon-solar-brackets-pv-system-certification.png 771w, https:\/\/leonsolarmount.com\/wp-content\/uploads\/2024\/09\/leon-solar-brackets-pv-system-certification-300x152.png 300w, https:\/\/leonsolarmount.com\/wp-content\/uploads\/2024\/09\/leon-solar-brackets-pv-system-certification-768x388.png 768w, https:\/\/leonsolarmount.com\/wp-content\/uploads\/2024\/09\/leon-solar-brackets-pv-system-certification-600x304.png 600w\" sizes=\"(max-width: 771px) 100vw, 771px\" \/><\/p>","protected":false},"excerpt":{"rendered":"<p>Application:flat roofs,ground.<\/p>\n<p>Wind Speed: Up To 60m\/s<\/p>\n<p>Bewertung der Schneelast: 1.4kn\/\u33a1<\/p>\n<p>Tilt Angle: 10-60\u00b0<\/p>\n<p>Material: Hochfestes Aluminium 6005-T5, rostfreier Stahl SUS304<\/p>\n<p>Garantie: 10 Jahre<\/p>\n<p>Bescheinigungen\uff1aCE\uff0cSGS<\/p>\n<p>Konformit\u00e4t:AS\/NZS1170.2,Euro Code 8, DIN 1055.IBC 2006<\/p>","protected":false},"featured_media":2062,"template":"","meta":{"site-sidebar-layout":"default","site-content-layout":"","ast-site-content-layout":"default","site-content-style":"default","site-sidebar-style":"default","ast-global-header-display":"","ast-banner-title-visibility":"","ast-main-header-display":"","ast-hfb-above-header-display":"","ast-hfb-below-header-display":"","ast-hfb-mobile-header-display":"","site-post-title":"","ast-breadcrumbs-content":"","ast-featured-img":"","footer-sml-layout":"","theme-transparent-header-meta":"default","adv-header-id-meta":"","stick-header-meta":"default","header-above-stick-meta":"","header-main-stick-meta":"","header-below-stick-meta":"","astra-migrate-meta-layouts":"set","ast-page-background-enabled":"default","ast-page-background-meta":{"desktop":{"background-color":"var(--ast-global-color-4)","background-image":"","background-repeat":"repeat","background-position":"center center","background-size":"auto","background-attachment":"scroll","background-type":"","background-media":"","overlay-type":"","overlay-color":"","overlay-opacity":"","overlay-gradient":""},"tablet":{"background-color":"","background-image":"","background-repeat":"repeat","background-position":"center center","background-size":"auto","background-attachment":"scroll","background-type":"","background-media":"","overlay-type":"","overlay-color":"","overlay-opacity":"","overlay-gradient":""},"mobile":{"background-color":"","background-image":"","background-repeat":"repeat","background-position":"center center","background-size":"auto","background-attachment":"scroll","background-type":"","background-media":"","overlay-type":"","overlay-color":"","overlay-opacity":"","overlay-gradient":""}},"ast-content-background-meta":{"desktop":{"background-color":"var(--ast-global-color-5)","background-image":"","background-repeat":"repeat","background-position":"center center","background-size":"auto","background-attachment":"scroll","background-type":"","background-media":"","overlay-type":"","overlay-color":"","overlay-opacity":"","overlay-gradient":""},"tablet":{"background-color":"var(--ast-global-color-5)","background-image":"","background-repeat":"repeat","background-position":"center center","background-size":"auto","background-attachment":"scroll","background-type":"","background-media":"","overlay-type":"","overlay-color":"","overlay-opacity":"","overlay-gradient":""},"mobile":{"background-color":"var(--ast-global-color-5)","background-image":"","background-repeat":"repeat","background-position":"center center","background-size":"auto","background-attachment":"scroll","background-type":"","background-media":"","overlay-type":"","overlay-color":"","overlay-opacity":"","overlay-gradient":""}}},"product_brand":[],"product_cat":[65,106,76],"product_tag":[197,196,195],"class_list":{"0":"post-2061","1":"product","2":"type-product","3":"status-publish","4":"has-post-thumbnail","6":"product_cat-all-products","7":"product_cat-metal-roof-mounting-structure","8":"product_cat-leonsolar-roof-pv-system","9":"product_tag-roof-pv-system","10":"product_tag-roof-solar-pv-system","11":"product_tag-roof-tripod-solar-pv-system","12":"desktop-align-left","13":"tablet-align-left","14":"mobile-align-left","16":"first","17":"instock","18":"shipping-taxable","19":"product-type-simple"},"yoast_head":"<!-- This site is optimized with the Yoast SEO Premium plugin v23.3 (Yoast SEO v23.8) - https:\/\/yoast.com\/wordpress\/plugins\/seo\/ -->\n<title>Roof tripod solar pv system -<\/title>\n<meta name=\"robots\" content=\"index, follow, max-snippet:-1, max-image-preview:large, max-video-preview:-1\" \/>\n<link rel=\"canonical\" href=\"https:\/\/leonsolarmount.com\/de_ch\/produkt\/roof-tripod-solar-pv-system\/\" \/>\n<meta property=\"og:locale\" content=\"de_DE\" \/>\n<meta property=\"og:type\" content=\"article\" \/>\n<meta property=\"og:title\" content=\"Roof tripod solar pv system\" \/>\n<meta property=\"og:description\" content=\"Application:flat roofs,ground.  Wind Speed: Up To 60m\/s  Snow Load Rating: 1.4kn\/\u33a1  Tilt Angle: 10-60\u00b0  Material: High-strength aluminum 6005-T5, stainless steel SUS304  Warranty: 10 years  Certificates\uff1aCE\uff0cSGS  Compliance:AS\/NZS1170.2,Euro Code 8, DIN 1055.IBC 2006\" \/>\n<meta property=\"og:url\" content=\"https:\/\/leonsolarmount.com\/de_ch\/produkt\/roof-tripod-solar-pv-system\/\" \/>\n<meta property=\"article:publisher\" content=\"https:\/\/www.facebook.com\/profile.php?id=100091002557296\" \/>\n<meta property=\"article:modified_time\" content=\"2024-09-25T06:54:57+00:00\" \/>\n<meta property=\"og:image\" content=\"https:\/\/leonsolarmount.com\/wp-content\/uploads\/2024\/09\/leon-solar-Roof-tripod-solar-pv-system-300-1024x686.png\" \/>\n\t<meta property=\"og:image:width\" content=\"1024\" \/>\n\t<meta property=\"og:image:height\" content=\"686\" \/>\n\t<meta property=\"og:image:type\" content=\"image\/png\" \/>\n<meta name=\"twitter:card\" content=\"summary_large_image\" \/>\n<meta name=\"twitter:label1\" content=\"Gesch\u00e4tzte Lesezeit\" \/>\n\t<meta name=\"twitter:data1\" content=\"2 Minuten\" \/>\n<script type=\"application\/ld+json\" class=\"yoast-schema-graph\">{\"@context\":\"https:\/\/schema.org\",\"@graph\":[{\"@type\":\"WebPage\",\"@id\":\"https:\/\/leonsolarmount.com\/product\/roof-tripod-solar-pv-system\/\",\"url\":\"https:\/\/leonsolarmount.com\/product\/roof-tripod-solar-pv-system\/\",\"name\":\"Roof tripod solar pv system -\",\"isPartOf\":{\"@id\":\"https:\/\/leonsolarmount.com\/ru\/#website\"},\"primaryImageOfPage\":{\"@id\":\"https:\/\/leonsolarmount.com\/product\/roof-tripod-solar-pv-system\/#primaryimage\"},\"image\":{\"@id\":\"https:\/\/leonsolarmount.com\/product\/roof-tripod-solar-pv-system\/#primaryimage\"},\"thumbnailUrl\":\"https:\/\/leonsolarmount.com\/wp-content\/uploads\/2024\/09\/leon-solar-Roof-tripod-solar-pv-system-300.png\",\"datePublished\":\"2024-09-10T02:00:55+00:00\",\"dateModified\":\"2024-09-25T06:54:57+00:00\",\"breadcrumb\":{\"@id\":\"https:\/\/leonsolarmount.com\/product\/roof-tripod-solar-pv-system\/#breadcrumb\"},\"inLanguage\":\"de-CH\",\"potentialAction\":[{\"@type\":\"ReadAction\",\"target\":[\"https:\/\/leonsolarmount.com\/product\/roof-tripod-solar-pv-system\/\"]}]},{\"@type\":\"ImageObject\",\"inLanguage\":\"de-CH\",\"@id\":\"https:\/\/leonsolarmount.com\/product\/roof-tripod-solar-pv-system\/#primaryimage\",\"url\":\"https:\/\/leonsolarmount.com\/wp-content\/uploads\/2024\/09\/leon-solar-Roof-tripod-solar-pv-system-300.png\",\"contentUrl\":\"https:\/\/leonsolarmount.com\/wp-content\/uploads\/2024\/09\/leon-solar-Roof-tripod-solar-pv-system-300.png\",\"width\":8000,\"height\":5362},{\"@type\":\"BreadcrumbList\",\"@id\":\"https:\/\/leonsolarmount.com\/product\/roof-tripod-solar-pv-system\/#breadcrumb\",\"itemListElement\":[{\"@type\":\"ListItem\",\"position\":1,\"name\":\"\u9996\u9875\",\"item\":\"https:\/\/leonsolarmount.com\/ru\/\"},{\"@type\":\"ListItem\",\"position\":2,\"name\":\"\u5546\u54c1\",\"item\":\"https:\/\/leonsolarmount.com\/ja\/shop\/\"},{\"@type\":\"ListItem\",\"position\":3,\"name\":\"Roof tripod solar pv system\"}]},{\"@type\":\"WebSite\",\"@id\":\"https:\/\/leonsolarmount.com\/ru\/#website\",\"url\":\"https:\/\/leonsolarmount.com\/ru\/\",\"name\":\"Leon Solar Mount\",\"description\":\"ground mount system,tin roof mount system,tie roof mount system,floating pv system,solar pv Accessories\",\"publisher\":{\"@id\":\"https:\/\/leonsolarmount.com\/ru\/#organization\"},\"potentialAction\":[{\"@type\":\"SearchAction\",\"target\":{\"@type\":\"EntryPoint\",\"urlTemplate\":\"https:\/\/leonsolarmount.com\/ru\/?s={search_term_string}\"},\"query-input\":{\"@type\":\"PropertyValueSpecification\",\"valueRequired\":true,\"valueName\":\"search_term_string\"}}],\"inLanguage\":\"de-CH\"},{\"@type\":\"Organization\",\"@id\":\"https:\/\/leonsolarmount.com\/ru\/#organization\",\"name\":\"Xiamen Leon Solar Technology Co., Ltd\",\"url\":\"https:\/\/leonsolarmount.com\/ru\/\",\"logo\":{\"@type\":\"ImageObject\",\"inLanguage\":\"de-CH\",\"@id\":\"https:\/\/leonsolarmount.com\/ru\/#\/schema\/logo\/image\/\",\"url\":\"https:\/\/leonsolarmount.com\/wp-content\/uploads\/2024\/09\/leon-solar-company-logo-250-250.png\",\"contentUrl\":\"https:\/\/leonsolarmount.com\/wp-content\/uploads\/2024\/09\/leon-solar-company-logo-250-250.png\",\"width\":1044,\"height\":720,\"caption\":\"Xiamen Leon Solar Technology Co., Ltd\"},\"image\":{\"@id\":\"https:\/\/leonsolarmount.com\/ru\/#\/schema\/logo\/image\/\"},\"sameAs\":[\"https:\/\/www.facebook.com\/profile.php?id=100091002557296\",\"https:\/\/www.linkedin.com\/company\/xiamen-leon-solar-technology-corporation\/?viewAsMember=true\",\"https:\/\/www.youtube.com\/@xiecindy2767\",\"https:\/\/www.instagram.com\/leonsolarcindy\/\"],\"foundingDate\":\"2018-11-05\",\"numberOfEmployees\":{\"@type\":\"QuantitativeValue\",\"minValue\":\"1\",\"maxValue\":\"10\"}}]}<\/script>\n<!-- \/ Yoast SEO Premium plugin. -->","yoast_head_json":{"title":"Roof tripod solar pv system -","robots":{"index":"index","follow":"follow","max-snippet":"max-snippet:-1","max-image-preview":"max-image-preview:large","max-video-preview":"max-video-preview:-1"},"canonical":"https:\/\/leonsolarmount.com\/de_ch\/produkt\/roof-tripod-solar-pv-system\/","og_locale":"de_DE","og_type":"article","og_title":"Roof tripod solar pv system","og_description":"Application:flat roofs,ground.  Wind Speed: Up To 60m\/s  Snow Load Rating: 1.4kn\/\u33a1  Tilt Angle: 10-60\u00b0  Material: High-strength aluminum 6005-T5, stainless steel SUS304  Warranty: 10 years  Certificates\uff1aCE\uff0cSGS  Compliance:AS\/NZS1170.2,Euro Code 8, DIN 1055.IBC 2006","og_url":"https:\/\/leonsolarmount.com\/de_ch\/produkt\/roof-tripod-solar-pv-system\/","article_publisher":"https:\/\/www.facebook.com\/profile.php?id=100091002557296","article_modified_time":"2024-09-25T06:54:57+00:00","og_image":[{"width":1024,"height":686,"url":"https:\/\/leonsolarmount.com\/wp-content\/uploads\/2024\/09\/leon-solar-Roof-tripod-solar-pv-system-300-1024x686.png","type":"image\/png"}],"twitter_card":"summary_large_image","twitter_misc":{"Gesch\u00e4tzte Lesezeit":"2 Minuten"},"schema":{"@context":"https:\/\/schema.org","@graph":[{"@type":"WebPage","@id":"https:\/\/leonsolarmount.com\/product\/roof-tripod-solar-pv-system\/","url":"https:\/\/leonsolarmount.com\/product\/roof-tripod-solar-pv-system\/","name":"Roof tripod solar pv system -","isPartOf":{"@id":"https:\/\/leonsolarmount.com\/ru\/#website"},"primaryImageOfPage":{"@id":"https:\/\/leonsolarmount.com\/product\/roof-tripod-solar-pv-system\/#primaryimage"},"image":{"@id":"https:\/\/leonsolarmount.com\/product\/roof-tripod-solar-pv-system\/#primaryimage"},"thumbnailUrl":"https:\/\/leonsolarmount.com\/wp-content\/uploads\/2024\/09\/leon-solar-Roof-tripod-solar-pv-system-300.png","datePublished":"2024-09-10T02:00:55+00:00","dateModified":"2024-09-25T06:54:57+00:00","breadcrumb":{"@id":"https:\/\/leonsolarmount.com\/product\/roof-tripod-solar-pv-system\/#breadcrumb"},"inLanguage":"de-CH","potentialAction":[{"@type":"ReadAction","target":["https:\/\/leonsolarmount.com\/product\/roof-tripod-solar-pv-system\/"]}]},{"@type":"ImageObject","inLanguage":"de-CH","@id":"https:\/\/leonsolarmount.com\/product\/roof-tripod-solar-pv-system\/#primaryimage","url":"https:\/\/leonsolarmount.com\/wp-content\/uploads\/2024\/09\/leon-solar-Roof-tripod-solar-pv-system-300.png","contentUrl":"https:\/\/leonsolarmount.com\/wp-content\/uploads\/2024\/09\/leon-solar-Roof-tripod-solar-pv-system-300.png","width":8000,"height":5362},{"@type":"BreadcrumbList","@id":"https:\/\/leonsolarmount.com\/product\/roof-tripod-solar-pv-system\/#breadcrumb","itemListElement":[{"@type":"ListItem","position":1,"name":"\u9996\u9875","item":"https:\/\/leonsolarmount.com\/ru\/"},{"@type":"ListItem","position":2,"name":"\u5546\u54c1","item":"https:\/\/leonsolarmount.com\/ja\/shop\/"},{"@type":"ListItem","position":3,"name":"Roof tripod solar pv system"}]},{"@type":"WebSite","@id":"https:\/\/leonsolarmount.com\/ru\/#website","url":"https:\/\/leonsolarmount.com\/ru\/","name":"Leon Solar Mount","description":"Bodenmontage-System, Blechdach-Montage-System, Krawatte Dach montieren System, schwimmende PV-System, Solar-PV-Zubeh\u00f6r","publisher":{"@id":"https:\/\/leonsolarmount.com\/ru\/#organization"},"potentialAction":[{"@type":"SearchAction","target":{"@type":"EntryPoint","urlTemplate":"https:\/\/leonsolarmount.com\/ru\/?s={search_term_string}"},"query-input":{"@type":"PropertyValueSpecification","valueRequired":true,"valueName":"search_term_string"}}],"inLanguage":"de-CH"},{"@type":"Organization","@id":"https:\/\/leonsolarmount.com\/ru\/#organization","name":"Xiamen Leon Solar Technology Co. Ltd.","url":"https:\/\/leonsolarmount.com\/ru\/","logo":{"@type":"ImageObject","inLanguage":"de-CH","@id":"https:\/\/leonsolarmount.com\/ru\/#\/schema\/logo\/image\/","url":"https:\/\/leonsolarmount.com\/wp-content\/uploads\/2024\/09\/leon-solar-company-logo-250-250.png","contentUrl":"https:\/\/leonsolarmount.com\/wp-content\/uploads\/2024\/09\/leon-solar-company-logo-250-250.png","width":1044,"height":720,"caption":"Xiamen Leon Solar Technology Co., Ltd"},"image":{"@id":"https:\/\/leonsolarmount.com\/ru\/#\/schema\/logo\/image\/"},"sameAs":["https:\/\/www.facebook.com\/profile.php?id=100091002557296","https:\/\/www.linkedin.com\/company\/xiamen-leon-solar-technology-corporation\/?viewAsMember=true","https:\/\/www.youtube.com\/@xiecindy2767","https:\/\/www.instagram.com\/leonsolarcindy\/"],"foundingDate":"2018-11-05","numberOfEmployees":{"@type":"QuantitativeValue","minValue":"1","maxValue":"10"}}]}},"_links":{"self":[{"href":"https:\/\/leonsolarmount.com\/de_ch\/wp-json\/wp\/v2\/product\/2061"}],"collection":[{"href":"https:\/\/leonsolarmount.com\/de_ch\/wp-json\/wp\/v2\/product"}],"about":[{"href":"https:\/\/leonsolarmount.com\/de_ch\/wp-json\/wp\/v2\/types\/product"}],"wp:featuredmedia":[{"embeddable":true,"href":"https:\/\/leonsolarmount.com\/de_ch\/wp-json\/wp\/v2\/media\/2062"}],"wp:attachment":[{"href":"https:\/\/leonsolarmount.com\/de_ch\/wp-json\/wp\/v2\/media?parent=2061"}],"wp:term":[{"taxonomy":"product_brand","embeddable":true,"href":"https:\/\/leonsolarmount.com\/de_ch\/wp-json\/wp\/v2\/product_brand?post=2061"},{"taxonomy":"product_cat","embeddable":true,"href":"https:\/\/leonsolarmount.com\/de_ch\/wp-json\/wp\/v2\/product_cat?post=2061"},{"taxonomy":"product_tag","embeddable":true,"href":"https:\/\/leonsolarmount.com\/de_ch\/wp-json\/wp\/v2\/product_tag?post=2061"}],"curies":[{"name":"wp","href":"https:\/\/api.w.org\/{rel}","templated":true}]}}