{"id":2069,"date":"2024-09-10T03:12:23","date_gmt":"2024-09-10T03:12:23","guid":{"rendered":"https:\/\/leonsolarmount.com\/?post_type=product&#038;p=2069"},"modified":"2024-09-25T06:32:39","modified_gmt":"2024-09-25T06:32:39","slug":"balcony-photovoltaic-support-system","status":"publish","type":"product","link":"https:\/\/leonsolarmount.com\/de_ch\/produkt\/balcony-photovoltaic-support-system\/","title":{"rendered":"Balkon-Photovoltaik-Tr\u00e4gersystem"},"content":{"rendered":"<p>The Balcony Photovoltaic Support System is a versatile and innovative solution designed to harness solar energy on residential balconies, particularly by utilizing balcony railings. This system aims to meet the daily electricity needs of users while optimizing space and enhancing the aesthetic appeal of the living environment.<\/p>\n<p><img fetchpriority=\"high\" decoding=\"async\" class=\"size-full wp-image-2072\" src=\"https:\/\/leonsolarmount.com\/wp-content\/uploads\/2024\/09\/leon-solar-roof-Balcony-photovoltaic-support-system-200.png\" alt=\"The Balcony Photovoltaic Support System is designed to mount solar panels on residential balconies, efficiently generating clean electricity to meet daily energy needs while complementing the building's architecture. It leverages durable materials and innovative designs to ensure optimal performance in various weather conditions, promoting sustainability and energy independence for urban dwellers.\" width=\"8000\" height=\"5309\" srcset=\"https:\/\/leonsolarmount.com\/wp-content\/uploads\/2024\/09\/leon-solar-roof-Balcony-photovoltaic-support-system-200.png 8000w, https:\/\/leonsolarmount.com\/wp-content\/uploads\/2024\/09\/leon-solar-roof-Balcony-photovoltaic-support-system-200-600x398.png 600w, https:\/\/leonsolarmount.com\/wp-content\/uploads\/2024\/09\/leon-solar-roof-Balcony-photovoltaic-support-system-200-300x199.png 300w, https:\/\/leonsolarmount.com\/wp-content\/uploads\/2024\/09\/leon-solar-roof-Balcony-photovoltaic-support-system-200-1024x680.png 1024w, https:\/\/leonsolarmount.com\/wp-content\/uploads\/2024\/09\/leon-solar-roof-Balcony-photovoltaic-support-system-200-768x510.png 768w, https:\/\/leonsolarmount.com\/wp-content\/uploads\/2024\/09\/leon-solar-roof-Balcony-photovoltaic-support-system-200-1536x1019.png 1536w, https:\/\/leonsolarmount.com\/wp-content\/uploads\/2024\/09\/leon-solar-roof-Balcony-photovoltaic-support-system-200-2048x1359.png 2048w\" sizes=\"(max-width: 8000px) 100vw, 8000px\" \/><\/p>\n<h3>Primary Purpose:<\/h3>\n<ul>\n<li><strong>Renewable Energy Generation<\/strong>: To produce clean, sustainable electricity directly on the balcony, reducing reliance on grid power.<\/li>\n<li><strong>Space Efficiency<\/strong>: By integrating with existing balcony railings, it maximizes the use of limited outdoor space without encroaching on living areas.<\/li>\n<li><strong>Convenience and Accessibility<\/strong>: Easy to install and maintain, making it accessible for homeowners to manage their energy production.<\/li>\n<\/ul>\n<h3>Key Advantages:<\/h3>\n<ul>\n<li><strong>Integration with Balcony Railings<\/strong>: The system is designed to attach securely to the railing, utilizing an otherwise unused part of the balcony for energy generation.<\/li>\n<li><strong>Daily Electricity Needs Fulfillment<\/strong>: Capable of generating a significant portion of a household&#8217;s daily electricity requirements, depending on the size and efficiency of the solar panels used.<\/li>\n<li><strong>Aesthetic Appeal<\/strong>: Blends harmoniously with the architectural design of the building, enhancing the overall look of the balcony without being obtrusive.<\/li>\n<li><strong>Langlebigkeit und Wetterbest\u00e4ndigkeit<\/strong>: Constructed from robust materials that can withstand various weather conditions, ensuring long-term reliability and performance.<\/li>\n<\/ul>\n<h3>Special Consideration for Balcony Usage:<\/h3>\n<ul>\n<li><strong>Space-Saving Design<\/strong>: The system&#8217;s design allows for efficient use of balcony space, which is crucial in urban settings where outdoor areas are limited.<\/li>\n<li><strong>Safety and Stability<\/strong>: Careful engineering ensures that the system adds no additional risk to balcony users, maintaining stability and safety standards.<\/li>\n<li><strong>Einfacher Einbau<\/strong>: Simple installation procedures mean that users can often install the system themselves, reducing costs and time.<\/li>\n<\/ul>\n<p>By leveraging concepts from the provided list of 100 keywords, such as &#8220;Solar Panel Roof Mounts,&#8221; &#8220;PV System Installation,&#8221; and &#8220;Roof PV Solutions,&#8221; the Balcony Photovoltaic Support System offers a comprehensive solution for integrating solar energy into everyday life. This approach not only contributes to environmental sustainability but also provides economic benefits by lowering electricity bills and potentially increasing property value.<\/p>\n<p>&nbsp;<\/p>\n<h3>Technische Zertifizierungen:<\/h3>\n<p>&nbsp;<\/p>\n<p><img decoding=\"async\" class=\"size-full wp-image-2612\" src=\"https:\/\/leonsolarmount.com\/wp-content\/uploads\/2024\/09\/leon-solar-brackets-pv-system-certification.png\" alt=\"Wichtigste Zertifizierungen und Zwecke von PV-Montagesystemen Zu den wichtigsten Zertifizierungen f\u00fcr PV-Montagesysteme geh\u00f6ren: IEC 61730: Gew\u00e4hrleistet Sicherheits- und Leistungsstandards f\u00fcr PV-Module und deren Montagesysteme. UL 1703: Deckt die Sicherheitsanforderungen f\u00fcr PV-Flachmodule und deren Halterungen ab. CE-Kennzeichnung: Kennzeichnet die Einhaltung der EU-Normen f\u00fcr Gesundheit, Sicherheit und Umweltschutz. TUV-Zertifizierung: Best\u00e4tigt die Qualit\u00e4t und Zuverl\u00e4ssigkeit von PV-Produkten und -Systemen. Diese Zertifizierungen gew\u00e4hrleisten, dass PV-Montagesysteme strenge Qualit\u00e4ts- und Sicherheitsstandards erf\u00fcllen und zuverl\u00e4ssige Leistung und Schutz vor potenziellen Gefahren bieten. Sie sind entscheidend f\u00fcr die Marktakzeptanz und das Vertrauen der Verbraucher.\" width=\"771\" height=\"390\" srcset=\"https:\/\/leonsolarmount.com\/wp-content\/uploads\/2024\/09\/leon-solar-brackets-pv-system-certification.png 771w, https:\/\/leonsolarmount.com\/wp-content\/uploads\/2024\/09\/leon-solar-brackets-pv-system-certification-300x152.png 300w, https:\/\/leonsolarmount.com\/wp-content\/uploads\/2024\/09\/leon-solar-brackets-pv-system-certification-768x388.png 768w, https:\/\/leonsolarmount.com\/wp-content\/uploads\/2024\/09\/leon-solar-brackets-pv-system-certification-600x304.png 600w\" sizes=\"(max-width: 771px) 100vw, 771px\" \/><\/p>","protected":false},"excerpt":{"rendered":"<p>Tilt Angle: 15-30\u00b0<\/p>\n<p>Material: Hochfestes Aluminium 6005-T5, rostfreier Stahl SUS304<\/p>\n<p>Garantie: 10 Jahre<\/p>\n<p>Bescheinigungen\uff1aCE\uff0cSGS<\/p>\n<p>Konformit\u00e4t:AS\/NZS1170.2,Euro Code 8, DIN 1055.IBC 2006<\/p>","protected":false},"featured_media":2071,"template":"","meta":{"site-sidebar-layout":"default","site-content-layout":"","ast-site-content-layout":"default","site-content-style":"default","site-sidebar-style":"default","ast-global-header-display":"","ast-banner-title-visibility":"","ast-main-header-display":"","ast-hfb-above-header-display":"","ast-hfb-below-header-display":"","ast-hfb-mobile-header-display":"","site-post-title":"","ast-breadcrumbs-content":"","ast-featured-img":"","footer-sml-layout":"","theme-transparent-header-meta":"default","adv-header-id-meta":"","stick-header-meta":"default","header-above-stick-meta":"","header-main-stick-meta":"","header-below-stick-meta":"","astra-migrate-meta-layouts":"set","ast-page-background-enabled":"default","ast-page-background-meta":{"desktop":{"background-color":"var(--ast-global-color-4)","background-image":"","background-repeat":"repeat","background-position":"center center","background-size":"auto","background-attachment":"scroll","background-type":"","background-media":"","overlay-type":"","overlay-color":"","overlay-opacity":"","overlay-gradient":""},"tablet":{"background-color":"","background-image":"","background-repeat":"repeat","background-position":"center center","background-size":"auto","background-attachment":"scroll","background-type":"","background-media":"","overlay-type":"","overlay-color":"","overlay-opacity":"","overlay-gradient":""},"mobile":{"background-color":"","background-image":"","background-repeat":"repeat","background-position":"center center","background-size":"auto","background-attachment":"scroll","background-type":"","background-media":"","overlay-type":"","overlay-color":"","overlay-opacity":"","overlay-gradient":""}},"ast-content-background-meta":{"desktop":{"background-color":"var(--ast-global-color-5)","background-image":"","background-repeat":"repeat","background-position":"center center","background-size":"auto","background-attachment":"scroll","background-type":"","background-media":"","overlay-type":"","overlay-color":"","overlay-opacity":"","overlay-gradient":""},"tablet":{"background-color":"var(--ast-global-color-5)","background-image":"","background-repeat":"repeat","background-position":"center center","background-size":"auto","background-attachment":"scroll","background-type":"","background-media":"","overlay-type":"","overlay-color":"","overlay-opacity":"","overlay-gradient":""},"mobile":{"background-color":"var(--ast-global-color-5)","background-image":"","background-repeat":"repeat","background-position":"center center","background-size":"auto","background-attachment":"scroll","background-type":"","background-media":"","overlay-type":"","overlay-color":"","overlay-opacity":"","overlay-gradient":""}}},"product_brand":[],"product_cat":[65,107,76],"product_tag":[194,189,188,193],"class_list":{"0":"post-2069","1":"product","2":"type-product","3":"status-publish","4":"has-post-thumbnail","6":"product_cat-all-products","7":"product_cat-balcony-mounting-structure","8":"product_cat-leonsolar-roof-pv-system","9":"product_tag-balcony-pv-system","10":"product_tag-pv-roof-systems","11":"product_tag-roof-pv-mounts","12":"product_tag-solar-panel-mounts","13":"desktop-align-left","14":"tablet-align-left","15":"mobile-align-left","17":"first","18":"instock","19":"shipping-taxable","20":"product-type-simple"},"yoast_head":"<!-- This site is optimized with the Yoast SEO Premium plugin v23.3 (Yoast SEO v23.8) - https:\/\/yoast.com\/wordpress\/plugins\/seo\/ -->\n<title>Balcony photovoltaic support system -<\/title>\n<meta name=\"robots\" content=\"index, follow, max-snippet:-1, max-image-preview:large, max-video-preview:-1\" \/>\n<link rel=\"canonical\" href=\"https:\/\/leonsolarmount.com\/de_ch\/produkt\/balcony-photovoltaic-support-system\/\" \/>\n<meta property=\"og:locale\" content=\"de_DE\" \/>\n<meta property=\"og:type\" content=\"article\" \/>\n<meta property=\"og:title\" content=\"Balcony photovoltaic support system\" \/>\n<meta property=\"og:description\" content=\"Tilt Angle: 15-30\u00b0  Material: High-strength aluminum 6005-T5, stainless steel SUS304  Warranty: 10 years  Certificates\uff1aCE\uff0cSGS  Compliance:AS\/NZS1170.2,Euro Code 8, DIN 1055.IBC 2006\" \/>\n<meta property=\"og:url\" content=\"https:\/\/leonsolarmount.com\/de_ch\/produkt\/balcony-photovoltaic-support-system\/\" \/>\n<meta property=\"article:publisher\" content=\"https:\/\/www.facebook.com\/profile.php?id=100091002557296\" \/>\n<meta property=\"article:modified_time\" content=\"2024-09-25T06:32:39+00:00\" \/>\n<meta property=\"og:image\" content=\"https:\/\/leonsolarmount.com\/wp-content\/uploads\/2024\/09\/leon-solar-roof-Balcony-photovoltaic-support-system-100-1024x680.png\" \/>\n\t<meta property=\"og:image:width\" content=\"1024\" \/>\n\t<meta property=\"og:image:height\" content=\"680\" \/>\n\t<meta property=\"og:image:type\" content=\"image\/png\" \/>\n<meta name=\"twitter:card\" content=\"summary_large_image\" \/>\n<meta name=\"twitter:label1\" content=\"Gesch\u00e4tzte Lesezeit\" \/>\n\t<meta name=\"twitter:data1\" content=\"2 Minuten\" \/>\n<script type=\"application\/ld+json\" class=\"yoast-schema-graph\">{\"@context\":\"https:\/\/schema.org\",\"@graph\":[{\"@type\":\"WebPage\",\"@id\":\"https:\/\/leonsolarmount.com\/product\/balcony-photovoltaic-support-system\/\",\"url\":\"https:\/\/leonsolarmount.com\/product\/balcony-photovoltaic-support-system\/\",\"name\":\"Balcony photovoltaic support system -\",\"isPartOf\":{\"@id\":\"https:\/\/leonsolarmount.com\/ru\/#website\"},\"primaryImageOfPage\":{\"@id\":\"https:\/\/leonsolarmount.com\/product\/balcony-photovoltaic-support-system\/#primaryimage\"},\"image\":{\"@id\":\"https:\/\/leonsolarmount.com\/product\/balcony-photovoltaic-support-system\/#primaryimage\"},\"thumbnailUrl\":\"https:\/\/leonsolarmount.com\/wp-content\/uploads\/2024\/09\/leon-solar-roof-Balcony-photovoltaic-support-system-100.png\",\"datePublished\":\"2024-09-10T03:12:23+00:00\",\"dateModified\":\"2024-09-25T06:32:39+00:00\",\"breadcrumb\":{\"@id\":\"https:\/\/leonsolarmount.com\/product\/balcony-photovoltaic-support-system\/#breadcrumb\"},\"inLanguage\":\"de-CH\",\"potentialAction\":[{\"@type\":\"ReadAction\",\"target\":[\"https:\/\/leonsolarmount.com\/product\/balcony-photovoltaic-support-system\/\"]}]},{\"@type\":\"ImageObject\",\"inLanguage\":\"de-CH\",\"@id\":\"https:\/\/leonsolarmount.com\/product\/balcony-photovoltaic-support-system\/#primaryimage\",\"url\":\"https:\/\/leonsolarmount.com\/wp-content\/uploads\/2024\/09\/leon-solar-roof-Balcony-photovoltaic-support-system-100.png\",\"contentUrl\":\"https:\/\/leonsolarmount.com\/wp-content\/uploads\/2024\/09\/leon-solar-roof-Balcony-photovoltaic-support-system-100.png\",\"width\":8000,\"height\":5309},{\"@type\":\"BreadcrumbList\",\"@id\":\"https:\/\/leonsolarmount.com\/product\/balcony-photovoltaic-support-system\/#breadcrumb\",\"itemListElement\":[{\"@type\":\"ListItem\",\"position\":1,\"name\":\"\u9996\u9875\",\"item\":\"https:\/\/leonsolarmount.com\/ru\/\"},{\"@type\":\"ListItem\",\"position\":2,\"name\":\"\u5546\u54c1\",\"item\":\"https:\/\/leonsolarmount.com\/ja\/shop\/\"},{\"@type\":\"ListItem\",\"position\":3,\"name\":\"Balcony photovoltaic support system\"}]},{\"@type\":\"WebSite\",\"@id\":\"https:\/\/leonsolarmount.com\/ru\/#website\",\"url\":\"https:\/\/leonsolarmount.com\/ru\/\",\"name\":\"Leon Solar Mount\",\"description\":\"ground mount system,tin roof mount system,tie roof mount system,floating pv system,solar pv Accessories\",\"publisher\":{\"@id\":\"https:\/\/leonsolarmount.com\/ru\/#organization\"},\"potentialAction\":[{\"@type\":\"SearchAction\",\"target\":{\"@type\":\"EntryPoint\",\"urlTemplate\":\"https:\/\/leonsolarmount.com\/ru\/?s={search_term_string}\"},\"query-input\":{\"@type\":\"PropertyValueSpecification\",\"valueRequired\":true,\"valueName\":\"search_term_string\"}}],\"inLanguage\":\"de-CH\"},{\"@type\":\"Organization\",\"@id\":\"https:\/\/leonsolarmount.com\/ru\/#organization\",\"name\":\"Xiamen Leon Solar Technology Co., Ltd\",\"url\":\"https:\/\/leonsolarmount.com\/ru\/\",\"logo\":{\"@type\":\"ImageObject\",\"inLanguage\":\"de-CH\",\"@id\":\"https:\/\/leonsolarmount.com\/ru\/#\/schema\/logo\/image\/\",\"url\":\"https:\/\/leonsolarmount.com\/wp-content\/uploads\/2024\/09\/leon-solar-company-logo-250-250.png\",\"contentUrl\":\"https:\/\/leonsolarmount.com\/wp-content\/uploads\/2024\/09\/leon-solar-company-logo-250-250.png\",\"width\":1044,\"height\":720,\"caption\":\"Xiamen Leon Solar Technology Co., Ltd\"},\"image\":{\"@id\":\"https:\/\/leonsolarmount.com\/ru\/#\/schema\/logo\/image\/\"},\"sameAs\":[\"https:\/\/www.facebook.com\/profile.php?id=100091002557296\",\"https:\/\/www.linkedin.com\/company\/xiamen-leon-solar-technology-corporation\/?viewAsMember=true\",\"https:\/\/www.youtube.com\/@xiecindy2767\",\"https:\/\/www.instagram.com\/leonsolarcindy\/\"],\"foundingDate\":\"2018-11-05\",\"numberOfEmployees\":{\"@type\":\"QuantitativeValue\",\"minValue\":\"1\",\"maxValue\":\"10\"}}]}<\/script>\n<!-- \/ Yoast SEO Premium plugin. -->","yoast_head_json":{"title":"Balcony photovoltaic support system -","robots":{"index":"index","follow":"follow","max-snippet":"max-snippet:-1","max-image-preview":"max-image-preview:large","max-video-preview":"max-video-preview:-1"},"canonical":"https:\/\/leonsolarmount.com\/de_ch\/produkt\/balcony-photovoltaic-support-system\/","og_locale":"de_DE","og_type":"article","og_title":"Balcony photovoltaic support system","og_description":"Tilt Angle: 15-30\u00b0  Material: High-strength aluminum 6005-T5, stainless steel SUS304  Warranty: 10 years  Certificates\uff1aCE\uff0cSGS  Compliance:AS\/NZS1170.2,Euro Code 8, DIN 1055.IBC 2006","og_url":"https:\/\/leonsolarmount.com\/de_ch\/produkt\/balcony-photovoltaic-support-system\/","article_publisher":"https:\/\/www.facebook.com\/profile.php?id=100091002557296","article_modified_time":"2024-09-25T06:32:39+00:00","og_image":[{"width":1024,"height":680,"url":"https:\/\/leonsolarmount.com\/wp-content\/uploads\/2024\/09\/leon-solar-roof-Balcony-photovoltaic-support-system-100-1024x680.png","type":"image\/png"}],"twitter_card":"summary_large_image","twitter_misc":{"Gesch\u00e4tzte Lesezeit":"2 Minuten"},"schema":{"@context":"https:\/\/schema.org","@graph":[{"@type":"WebPage","@id":"https:\/\/leonsolarmount.com\/product\/balcony-photovoltaic-support-system\/","url":"https:\/\/leonsolarmount.com\/product\/balcony-photovoltaic-support-system\/","name":"Balcony photovoltaic support system -","isPartOf":{"@id":"https:\/\/leonsolarmount.com\/ru\/#website"},"primaryImageOfPage":{"@id":"https:\/\/leonsolarmount.com\/product\/balcony-photovoltaic-support-system\/#primaryimage"},"image":{"@id":"https:\/\/leonsolarmount.com\/product\/balcony-photovoltaic-support-system\/#primaryimage"},"thumbnailUrl":"https:\/\/leonsolarmount.com\/wp-content\/uploads\/2024\/09\/leon-solar-roof-Balcony-photovoltaic-support-system-100.png","datePublished":"2024-09-10T03:12:23+00:00","dateModified":"2024-09-25T06:32:39+00:00","breadcrumb":{"@id":"https:\/\/leonsolarmount.com\/product\/balcony-photovoltaic-support-system\/#breadcrumb"},"inLanguage":"de-CH","potentialAction":[{"@type":"ReadAction","target":["https:\/\/leonsolarmount.com\/product\/balcony-photovoltaic-support-system\/"]}]},{"@type":"ImageObject","inLanguage":"de-CH","@id":"https:\/\/leonsolarmount.com\/product\/balcony-photovoltaic-support-system\/#primaryimage","url":"https:\/\/leonsolarmount.com\/wp-content\/uploads\/2024\/09\/leon-solar-roof-Balcony-photovoltaic-support-system-100.png","contentUrl":"https:\/\/leonsolarmount.com\/wp-content\/uploads\/2024\/09\/leon-solar-roof-Balcony-photovoltaic-support-system-100.png","width":8000,"height":5309},{"@type":"BreadcrumbList","@id":"https:\/\/leonsolarmount.com\/product\/balcony-photovoltaic-support-system\/#breadcrumb","itemListElement":[{"@type":"ListItem","position":1,"name":"\u9996\u9875","item":"https:\/\/leonsolarmount.com\/ru\/"},{"@type":"ListItem","position":2,"name":"\u5546\u54c1","item":"https:\/\/leonsolarmount.com\/ja\/shop\/"},{"@type":"ListItem","position":3,"name":"Balcony photovoltaic support system"}]},{"@type":"WebSite","@id":"https:\/\/leonsolarmount.com\/ru\/#website","url":"https:\/\/leonsolarmount.com\/ru\/","name":"Leon Solar Mount","description":"Bodenmontage-System, Blechdach-Montage-System, Krawatte Dach montieren System, schwimmende PV-System, Solar-PV-Zubeh\u00f6r","publisher":{"@id":"https:\/\/leonsolarmount.com\/ru\/#organization"},"potentialAction":[{"@type":"SearchAction","target":{"@type":"EntryPoint","urlTemplate":"https:\/\/leonsolarmount.com\/ru\/?s={search_term_string}"},"query-input":{"@type":"PropertyValueSpecification","valueRequired":true,"valueName":"search_term_string"}}],"inLanguage":"de-CH"},{"@type":"Organization","@id":"https:\/\/leonsolarmount.com\/ru\/#organization","name":"Xiamen Leon Solar Technology Co. Ltd.","url":"https:\/\/leonsolarmount.com\/ru\/","logo":{"@type":"ImageObject","inLanguage":"de-CH","@id":"https:\/\/leonsolarmount.com\/ru\/#\/schema\/logo\/image\/","url":"https:\/\/leonsolarmount.com\/wp-content\/uploads\/2024\/09\/leon-solar-company-logo-250-250.png","contentUrl":"https:\/\/leonsolarmount.com\/wp-content\/uploads\/2024\/09\/leon-solar-company-logo-250-250.png","width":1044,"height":720,"caption":"Xiamen Leon Solar Technology Co., Ltd"},"image":{"@id":"https:\/\/leonsolarmount.com\/ru\/#\/schema\/logo\/image\/"},"sameAs":["https:\/\/www.facebook.com\/profile.php?id=100091002557296","https:\/\/www.linkedin.com\/company\/xiamen-leon-solar-technology-corporation\/?viewAsMember=true","https:\/\/www.youtube.com\/@xiecindy2767","https:\/\/www.instagram.com\/leonsolarcindy\/"],"foundingDate":"2018-11-05","numberOfEmployees":{"@type":"QuantitativeValue","minValue":"1","maxValue":"10"}}]}},"_links":{"self":[{"href":"https:\/\/leonsolarmount.com\/de_ch\/wp-json\/wp\/v2\/product\/2069"}],"collection":[{"href":"https:\/\/leonsolarmount.com\/de_ch\/wp-json\/wp\/v2\/product"}],"about":[{"href":"https:\/\/leonsolarmount.com\/de_ch\/wp-json\/wp\/v2\/types\/product"}],"wp:featuredmedia":[{"embeddable":true,"href":"https:\/\/leonsolarmount.com\/de_ch\/wp-json\/wp\/v2\/media\/2071"}],"wp:attachment":[{"href":"https:\/\/leonsolarmount.com\/de_ch\/wp-json\/wp\/v2\/media?parent=2069"}],"wp:term":[{"taxonomy":"product_brand","embeddable":true,"href":"https:\/\/leonsolarmount.com\/de_ch\/wp-json\/wp\/v2\/product_brand?post=2069"},{"taxonomy":"product_cat","embeddable":true,"href":"https:\/\/leonsolarmount.com\/de_ch\/wp-json\/wp\/v2\/product_cat?post=2069"},{"taxonomy":"product_tag","embeddable":true,"href":"https:\/\/leonsolarmount.com\/de_ch\/wp-json\/wp\/v2\/product_tag?post=2069"}],"curies":[{"name":"wp","href":"https:\/\/api.w.org\/{rel}","templated":true}]}}