{"id":1941,"date":"2024-09-09T02:59:31","date_gmt":"2024-09-09T02:59:31","guid":{"rendered":"https:\/\/leonsolarmount.com\/?post_type=product&#038;p=1941"},"modified":"2024-09-24T07:15:24","modified_gmt":"2024-09-24T07:15:24","slug":"soporte-solar-leon-sistema-bipv-de-montaje-en-tejado","status":"publish","type":"product","link":"https:\/\/leonsolarmount.com\/es\/producto\/soporte-solar-leon-sistema-bipv-de-montaje-en-tejado\/","title":{"rendered":"Sistema de montaje en tejado BIPV con soporte solar Leon"},"content":{"rendered":"<p><strong>El sistema Leon Solar Bracket BIPV de montaje en tejado es una soluci\u00f3n revolucionaria para integrar la tecnolog\u00eda fotovoltaica en las estructuras de los edificios, que ofrece multitud de usos, ventajas y argumentos de venta:<\/strong><\/p>\n<p><img fetchpriority=\"high\" decoding=\"async\" class=\"size-full wp-image-2802\" src=\"https:\/\/leonsolarmount.com\/wp-content\/uploads\/2024\/09\/LEON-SOLAR-BIPV-MOUNTING-SYSTEM-100-1.png\" alt=\"La BIPV est\u00e1 dise\u00f1ada para integrar perfectamente c\u00e9lulas solares en los materiales de construcci\u00f3n, como tejados, fachadas y ventanas, transform\u00e1ndolos en componentes generadores de energ\u00eda. Esta integraci\u00f3n no s\u00f3lo proporciona integridad estructural, sino que tambi\u00e9n genera electricidad limpia, contribuyendo a la eficiencia energ\u00e9tica de un edificio.\" width=\"1080\" height=\"699\" srcset=\"https:\/\/leonsolarmount.com\/wp-content\/uploads\/2024\/09\/LEON-SOLAR-BIPV-MOUNTING-SYSTEM-100-1.png 1080w, https:\/\/leonsolarmount.com\/wp-content\/uploads\/2024\/09\/LEON-SOLAR-BIPV-MOUNTING-SYSTEM-100-1-300x194.png 300w, https:\/\/leonsolarmount.com\/wp-content\/uploads\/2024\/09\/LEON-SOLAR-BIPV-MOUNTING-SYSTEM-100-1-1024x663.png 1024w, https:\/\/leonsolarmount.com\/wp-content\/uploads\/2024\/09\/LEON-SOLAR-BIPV-MOUNTING-SYSTEM-100-1-768x497.png 768w, https:\/\/leonsolarmount.com\/wp-content\/uploads\/2024\/09\/LEON-SOLAR-BIPV-MOUNTING-SYSTEM-100-1-18x12.png 18w, https:\/\/leonsolarmount.com\/wp-content\/uploads\/2024\/09\/LEON-SOLAR-BIPV-MOUNTING-SYSTEM-100-1-600x388.png 600w\" sizes=\"(max-width: 1080px) 100vw, 1080px\" \/><\/p>\n<h3>Prop\u00f3sito:<\/h3>\n<p><strong>Este sistema est\u00e1 dise\u00f1ado espec\u00edficamente para montar paneles solares en los tejados al tiempo que sirve de soporte estructural, lo que permite a los edificios generar su propia electricidad y lograr la independencia energ\u00e9tica.<\/strong><\/p>\n<h3>Ventajas:<\/h3>\n<ol>\n<li><strong>Dise\u00f1o innovador<\/strong>: La tecnolog\u00eda BIPV (Building-Integrated Photovoltaics) combina a la perfecci\u00f3n los paneles solares con la estructura del tejado, mejorando tanto la funcionalidad como la est\u00e9tica.<\/li>\n<li><strong>Durabilidad<\/strong>: Fabricado con materiales de alta calidad, que garantizan un rendimiento duradero y resistencia a los factores ambientales.<\/li>\n<li><strong>Eficiencia espacial<\/strong>: Maximiza el uso del espacio disponible en el tejado para la generaci\u00f3n de energ\u00eda solar sin comprometer la integridad estructural.<\/li>\n<li><strong>Ecol\u00f3gico<\/strong>: Contribuye a reducir las emisiones de gases de efecto invernadero utilizando energ\u00eda solar renovable.<\/li>\n<li><strong>Ahorro de costes<\/strong>: Ofrece ahorros significativos en las facturas de electricidad a lo largo del tiempo e incentivos potenciales para las pr\u00e1cticas de construcci\u00f3n ecol\u00f3gica.<\/li>\n<\/ol>\n<h3>Puntos de venta:<\/h3>\n<ul>\n<li><strong>Tecnolog\u00eda solar avanzada<\/strong>: Utiliza paneles solares de \u00faltima generaci\u00f3n para obtener la m\u00e1xima eficiencia en la conversi\u00f3n de energ\u00eda.<\/li>\n<li><strong>Versatilidad en la instalaci\u00f3n<\/strong>: Adecuado para varios tipos de tejado y dise\u00f1os de edificios, lo que proporciona flexibilidad en la aplicaci\u00f3n.<\/li>\n<li><strong>F\u00e1cil mantenimiento<\/strong>: Requiere un mantenimiento m\u00ednimo gracias a su robusta construcci\u00f3n y a sus materiales resistentes a la intemperie.<\/li>\n<li><strong>Cumplimiento de las normas de seguridad<\/strong>: Cumple estrictas normas de seguridad, lo que garantiza una instalaci\u00f3n segura y fiable.<\/li>\n<li><strong>Integraci\u00f3n est\u00e9tica<\/strong>: Se integra armoniosamente en la arquitectura del edificio, a\u00f1adiendo valor a la est\u00e9tica del inmueble.<\/li>\n<\/ul>\n<p><strong>Al incorporar estas caracter\u00edsticas clave, el sistema BIPV de montaje en tejado con soporte solar Leon destaca como una opci\u00f3n inteligente, sostenible y econ\u00f3micamente viable para integrar la energ\u00eda solar en los edificios.<\/strong><\/p>\n<h3>Certificaci\u00f3n t\u00e9cnica:<\/h3>\n<p><img decoding=\"async\" class=\"size-full wp-image-2612\" src=\"https:\/\/leonsolarmount.com\/wp-content\/uploads\/2024\/09\/leon-solar-brackets-pv-system-certification.png\" alt=\"Principales certificaciones y objetivos de los sistemas de montaje FV Las principales certificaciones de los sistemas de montaje FV son: IEC 61730: Garantiza las normas de seguridad y rendimiento de los m\u00f3dulos FV y sus sistemas de montaje. UL 1703: Cubre los requisitos de seguridad para m\u00f3dulos FV planos y sus soportes. Marcado CE: Indica el cumplimiento de las normas de la UE en materia de salud, seguridad y protecci\u00f3n del medio ambiente. Certificaci\u00f3n TUV: Valida la calidad y fiabilidad de los productos y sistemas fotovoltaicos. Estas certificaciones garantizan que los sistemas de montaje FV cumplen rigurosas normas de calidad y seguridad, proporcionando un rendimiento fiable y protecci\u00f3n frente a posibles peligros. Son cruciales para conseguir la aceptaci\u00f3n del mercado y la confianza del consumidor.\" width=\"771\" height=\"390\" srcset=\"https:\/\/leonsolarmount.com\/wp-content\/uploads\/2024\/09\/leon-solar-brackets-pv-system-certification.png 771w, https:\/\/leonsolarmount.com\/wp-content\/uploads\/2024\/09\/leon-solar-brackets-pv-system-certification-300x152.png 300w, https:\/\/leonsolarmount.com\/wp-content\/uploads\/2024\/09\/leon-solar-brackets-pv-system-certification-768x388.png 768w, https:\/\/leonsolarmount.com\/wp-content\/uploads\/2024\/09\/leon-solar-brackets-pv-system-certification-600x304.png 600w\" sizes=\"(max-width: 771px) 100vw, 771px\" \/><\/p>","protected":false},"excerpt":{"rendered":"<p>Velocidad del viento: hasta 60 m\/s<\/p>\n<p>Capacidad de carga de nieve: 1.4kn\/\u33a1<\/p>\n<p>Material: Acero Zinc-Alu-Mg, acero inoxidable SUS304<\/p>\n<p>Conformidad:AS\/NZS1170.2,Euro Code 8, DIN 1055.IBC 2006<\/p>","protected":false},"featured_media":1942,"template":"","meta":{"site-sidebar-layout":"default","site-content-layout":"","ast-site-content-layout":"default","site-content-style":"default","site-sidebar-style":"default","ast-global-header-display":"","ast-banner-title-visibility":"","ast-main-header-display":"","ast-hfb-above-header-display":"","ast-hfb-below-header-display":"","ast-hfb-mobile-header-display":"","site-post-title":"","ast-breadcrumbs-content":"","ast-featured-img":"","footer-sml-layout":"","theme-transparent-header-meta":"default","adv-header-id-meta":"","stick-header-meta":"default","header-above-stick-meta":"","header-main-stick-meta":"","header-below-stick-meta":"","astra-migrate-meta-layouts":"set","ast-page-background-enabled":"default","ast-page-background-meta":{"desktop":{"background-color":"var(--ast-global-color-4)","background-image":"","background-repeat":"repeat","background-position":"center center","background-size":"auto","background-attachment":"scroll","background-type":"","background-media":"","overlay-type":"","overlay-color":"","overlay-opacity":"","overlay-gradient":""},"tablet":{"background-color":"","background-image":"","background-repeat":"repeat","background-position":"center center","background-size":"auto","background-attachment":"scroll","background-type":"","background-media":"","overlay-type":"","overlay-color":"","overlay-opacity":"","overlay-gradient":""},"mobile":{"background-color":"","background-image":"","background-repeat":"repeat","background-position":"center center","background-size":"auto","background-attachment":"scroll","background-type":"","background-media":"","overlay-type":"","overlay-color":"","overlay-opacity":"","overlay-gradient":""}},"ast-content-background-meta":{"desktop":{"background-color":"var(--ast-global-color-5)","background-image":"","background-repeat":"repeat","background-position":"center center","background-size":"auto","background-attachment":"scroll","background-type":"","background-media":"","overlay-type":"","overlay-color":"","overlay-opacity":"","overlay-gradient":""},"tablet":{"background-color":"var(--ast-global-color-5)","background-image":"","background-repeat":"repeat","background-position":"center center","background-size":"auto","background-attachment":"scroll","background-type":"","background-media":"","overlay-type":"","overlay-color":"","overlay-opacity":"","overlay-gradient":""},"mobile":{"background-color":"var(--ast-global-color-5)","background-image":"","background-repeat":"repeat","background-position":"center center","background-size":"auto","background-attachment":"scroll","background-type":"","background-media":"","overlay-type":"","overlay-color":"","overlay-opacity":"","overlay-gradient":""}}},"product_brand":[],"product_cat":[65,114],"product_tag":[180,182,181,84],"class_list":{"0":"post-1941","1":"product","2":"type-product","3":"status-publish","4":"has-post-thumbnail","6":"product_cat-all-products","7":"product_cat-bipv-pv-system","8":"product_tag-bipv","9":"product_tag-bipv-mounting-system","10":"product_tag-bipv-system","11":"product_tag-ground-pv-system","12":"desktop-align-left","13":"tablet-align-left","14":"mobile-align-left","16":"first","17":"instock","18":"shipping-taxable","19":"product-type-simple"},"yoast_head":"<!-- This site is optimized with the Yoast SEO Premium plugin v23.3 (Yoast SEO v23.8) - https:\/\/yoast.com\/wordpress\/plugins\/seo\/ -->\n<title>Leon Solar Bracket BIPV Roof Mount System -<\/title>\n<meta name=\"robots\" content=\"index, follow, max-snippet:-1, max-image-preview:large, max-video-preview:-1\" \/>\n<link rel=\"canonical\" href=\"https:\/\/leonsolarmount.com\/es\/producto\/soporte-solar-leon-sistema-bipv-de-montaje-en-tejado\/\" \/>\n<meta property=\"og:locale\" content=\"es_ES\" \/>\n<meta property=\"og:type\" content=\"article\" \/>\n<meta property=\"og:title\" content=\"Leon Solar Bracket BIPV Roof Mount System\" \/>\n<meta property=\"og:description\" content=\"Wind Speed: Up To 60m\/s  Snow Load Rating: 1.4kn\/\u33a1  Material: Zinc-Alu-Mg steel, stainless steel SUS304  Compliance:AS\/NZS1170.2,Euro Code 8, DIN 1055.IBC 2006\" \/>\n<meta property=\"og:url\" content=\"https:\/\/leonsolarmount.com\/es\/producto\/soporte-solar-leon-sistema-bipv-de-montaje-en-tejado\/\" \/>\n<meta property=\"article:publisher\" content=\"https:\/\/www.facebook.com\/profile.php?id=100091002557296\" \/>\n<meta property=\"article:modified_time\" content=\"2024-09-24T07:15:24+00:00\" \/>\n<meta property=\"og:image\" content=\"https:\/\/leonsolarmount.com\/wp-content\/uploads\/2024\/09\/leon-solar-bracket-BIPV-roof-mount-system-100-1024x680.png\" \/>\n\t<meta property=\"og:image:width\" content=\"1024\" \/>\n\t<meta property=\"og:image:height\" content=\"680\" \/>\n\t<meta property=\"og:image:type\" content=\"image\/png\" \/>\n<meta name=\"twitter:card\" content=\"summary_large_image\" \/>\n<meta name=\"twitter:label1\" content=\"Tiempo de lectura\" \/>\n\t<meta name=\"twitter:data1\" content=\"1 minuto\" \/>\n<script type=\"application\/ld+json\" class=\"yoast-schema-graph\">{\"@context\":\"https:\/\/schema.org\",\"@graph\":[{\"@type\":\"WebPage\",\"@id\":\"https:\/\/leonsolarmount.com\/product\/leon-solar-bracket-bipv-roof-mount-system\/\",\"url\":\"https:\/\/leonsolarmount.com\/product\/leon-solar-bracket-bipv-roof-mount-system\/\",\"name\":\"Leon Solar Bracket BIPV Roof Mount System -\",\"isPartOf\":{\"@id\":\"https:\/\/leonsolarmount.com\/ru\/#website\"},\"primaryImageOfPage\":{\"@id\":\"https:\/\/leonsolarmount.com\/product\/leon-solar-bracket-bipv-roof-mount-system\/#primaryimage\"},\"image\":{\"@id\":\"https:\/\/leonsolarmount.com\/product\/leon-solar-bracket-bipv-roof-mount-system\/#primaryimage\"},\"thumbnailUrl\":\"https:\/\/leonsolarmount.com\/wp-content\/uploads\/2024\/09\/leon-solar-bracket-BIPV-roof-mount-system-100.png\",\"datePublished\":\"2024-09-09T02:59:31+00:00\",\"dateModified\":\"2024-09-24T07:15:24+00:00\",\"breadcrumb\":{\"@id\":\"https:\/\/leonsolarmount.com\/product\/leon-solar-bracket-bipv-roof-mount-system\/#breadcrumb\"},\"inLanguage\":\"es\",\"potentialAction\":[{\"@type\":\"ReadAction\",\"target\":[\"https:\/\/leonsolarmount.com\/product\/leon-solar-bracket-bipv-roof-mount-system\/\"]}]},{\"@type\":\"ImageObject\",\"inLanguage\":\"es\",\"@id\":\"https:\/\/leonsolarmount.com\/product\/leon-solar-bracket-bipv-roof-mount-system\/#primaryimage\",\"url\":\"https:\/\/leonsolarmount.com\/wp-content\/uploads\/2024\/09\/leon-solar-bracket-BIPV-roof-mount-system-100.png\",\"contentUrl\":\"https:\/\/leonsolarmount.com\/wp-content\/uploads\/2024\/09\/leon-solar-bracket-BIPV-roof-mount-system-100.png\",\"width\":8000,\"height\":5309},{\"@type\":\"BreadcrumbList\",\"@id\":\"https:\/\/leonsolarmount.com\/product\/leon-solar-bracket-bipv-roof-mount-system\/#breadcrumb\",\"itemListElement\":[{\"@type\":\"ListItem\",\"position\":1,\"name\":\"\u9996\u9875\",\"item\":\"https:\/\/leonsolarmount.com\/ru\/\"},{\"@type\":\"ListItem\",\"position\":2,\"name\":\"\u5546\u54c1\",\"item\":\"https:\/\/leonsolarmount.com\/ja\/shop\/\"},{\"@type\":\"ListItem\",\"position\":3,\"name\":\"Leon Solar Bracket BIPV Roof Mount System\"}]},{\"@type\":\"WebSite\",\"@id\":\"https:\/\/leonsolarmount.com\/ru\/#website\",\"url\":\"https:\/\/leonsolarmount.com\/ru\/\",\"name\":\"Leon Solar Mount\",\"description\":\"ground mount system,tin roof mount system,tie roof mount system,floating pv system,solar pv Accessories\",\"publisher\":{\"@id\":\"https:\/\/leonsolarmount.com\/ru\/#organization\"},\"potentialAction\":[{\"@type\":\"SearchAction\",\"target\":{\"@type\":\"EntryPoint\",\"urlTemplate\":\"https:\/\/leonsolarmount.com\/ru\/?s={search_term_string}\"},\"query-input\":{\"@type\":\"PropertyValueSpecification\",\"valueRequired\":true,\"valueName\":\"search_term_string\"}}],\"inLanguage\":\"es\"},{\"@type\":\"Organization\",\"@id\":\"https:\/\/leonsolarmount.com\/ru\/#organization\",\"name\":\"Xiamen Leon Solar Technology Co., Ltd\",\"url\":\"https:\/\/leonsolarmount.com\/ru\/\",\"logo\":{\"@type\":\"ImageObject\",\"inLanguage\":\"es\",\"@id\":\"https:\/\/leonsolarmount.com\/ru\/#\/schema\/logo\/image\/\",\"url\":\"https:\/\/leonsolarmount.com\/wp-content\/uploads\/2024\/09\/leon-solar-company-logo-250-250.png\",\"contentUrl\":\"https:\/\/leonsolarmount.com\/wp-content\/uploads\/2024\/09\/leon-solar-company-logo-250-250.png\",\"width\":1044,\"height\":720,\"caption\":\"Xiamen Leon Solar Technology Co., Ltd\"},\"image\":{\"@id\":\"https:\/\/leonsolarmount.com\/ru\/#\/schema\/logo\/image\/\"},\"sameAs\":[\"https:\/\/www.facebook.com\/profile.php?id=100091002557296\",\"https:\/\/www.linkedin.com\/company\/xiamen-leon-solar-technology-corporation\/?viewAsMember=true\",\"https:\/\/www.youtube.com\/@xiecindy2767\",\"https:\/\/www.instagram.com\/leonsolarcindy\/\"],\"foundingDate\":\"2018-11-05\",\"numberOfEmployees\":{\"@type\":\"QuantitativeValue\",\"minValue\":\"1\",\"maxValue\":\"10\"}}]}<\/script>\n<!-- \/ Yoast SEO Premium plugin. -->","yoast_head_json":{"title":"Leon Solar Bracket BIPV Sistema de montaje en tejado -","robots":{"index":"index","follow":"follow","max-snippet":"max-snippet:-1","max-image-preview":"max-image-preview:large","max-video-preview":"max-video-preview:-1"},"canonical":"https:\/\/leonsolarmount.com\/es\/producto\/soporte-solar-leon-sistema-bipv-de-montaje-en-tejado\/","og_locale":"es_ES","og_type":"article","og_title":"Leon Solar Bracket BIPV Roof Mount System","og_description":"Wind Speed: Up To 60m\/s  Snow Load Rating: 1.4kn\/\u33a1  Material: Zinc-Alu-Mg steel, stainless steel SUS304  Compliance:AS\/NZS1170.2,Euro Code 8, DIN 1055.IBC 2006","og_url":"https:\/\/leonsolarmount.com\/es\/producto\/soporte-solar-leon-sistema-bipv-de-montaje-en-tejado\/","article_publisher":"https:\/\/www.facebook.com\/profile.php?id=100091002557296","article_modified_time":"2024-09-24T07:15:24+00:00","og_image":[{"width":1024,"height":680,"url":"https:\/\/leonsolarmount.com\/wp-content\/uploads\/2024\/09\/leon-solar-bracket-BIPV-roof-mount-system-100-1024x680.png","type":"image\/png"}],"twitter_card":"summary_large_image","twitter_misc":{"Tiempo de lectura":"1 minuto"},"schema":{"@context":"https:\/\/schema.org","@graph":[{"@type":"WebPage","@id":"https:\/\/leonsolarmount.com\/product\/leon-solar-bracket-bipv-roof-mount-system\/","url":"https:\/\/leonsolarmount.com\/product\/leon-solar-bracket-bipv-roof-mount-system\/","name":"Leon Solar Bracket BIPV Sistema de montaje en tejado -","isPartOf":{"@id":"https:\/\/leonsolarmount.com\/ru\/#website"},"primaryImageOfPage":{"@id":"https:\/\/leonsolarmount.com\/product\/leon-solar-bracket-bipv-roof-mount-system\/#primaryimage"},"image":{"@id":"https:\/\/leonsolarmount.com\/product\/leon-solar-bracket-bipv-roof-mount-system\/#primaryimage"},"thumbnailUrl":"https:\/\/leonsolarmount.com\/wp-content\/uploads\/2024\/09\/leon-solar-bracket-BIPV-roof-mount-system-100.png","datePublished":"2024-09-09T02:59:31+00:00","dateModified":"2024-09-24T07:15:24+00:00","breadcrumb":{"@id":"https:\/\/leonsolarmount.com\/product\/leon-solar-bracket-bipv-roof-mount-system\/#breadcrumb"},"inLanguage":"es","potentialAction":[{"@type":"ReadAction","target":["https:\/\/leonsolarmount.com\/product\/leon-solar-bracket-bipv-roof-mount-system\/"]}]},{"@type":"ImageObject","inLanguage":"es","@id":"https:\/\/leonsolarmount.com\/product\/leon-solar-bracket-bipv-roof-mount-system\/#primaryimage","url":"https:\/\/leonsolarmount.com\/wp-content\/uploads\/2024\/09\/leon-solar-bracket-BIPV-roof-mount-system-100.png","contentUrl":"https:\/\/leonsolarmount.com\/wp-content\/uploads\/2024\/09\/leon-solar-bracket-BIPV-roof-mount-system-100.png","width":8000,"height":5309},{"@type":"BreadcrumbList","@id":"https:\/\/leonsolarmount.com\/product\/leon-solar-bracket-bipv-roof-mount-system\/#breadcrumb","itemListElement":[{"@type":"ListItem","position":1,"name":"\u9996\u9875","item":"https:\/\/leonsolarmount.com\/ru\/"},{"@type":"ListItem","position":2,"name":"\u5546\u54c1","item":"https:\/\/leonsolarmount.com\/ja\/shop\/"},{"@type":"ListItem","position":3,"name":"Leon Solar Bracket BIPV Roof Mount System"}]},{"@type":"WebSite","@id":"https:\/\/leonsolarmount.com\/ru\/#website","url":"https:\/\/leonsolarmount.com\/ru\/","name":"Montaje Solar Le\u00f3n","description":"sistema de montaje en suelo,sistema de montaje en tejado de zinc,sistema de montaje en tejado flotante,sistema pv solar Accesorios","publisher":{"@id":"https:\/\/leonsolarmount.com\/ru\/#organization"},"potentialAction":[{"@type":"SearchAction","target":{"@type":"EntryPoint","urlTemplate":"https:\/\/leonsolarmount.com\/ru\/?s={search_term_string}"},"query-input":{"@type":"PropertyValueSpecification","valueRequired":true,"valueName":"search_term_string"}}],"inLanguage":"es"},{"@type":"Organization","@id":"https:\/\/leonsolarmount.com\/ru\/#organization","name":"Xiamen Leon Solar Technology S.L.","url":"https:\/\/leonsolarmount.com\/ru\/","logo":{"@type":"ImageObject","inLanguage":"es","@id":"https:\/\/leonsolarmount.com\/ru\/#\/schema\/logo\/image\/","url":"https:\/\/leonsolarmount.com\/wp-content\/uploads\/2024\/09\/leon-solar-company-logo-250-250.png","contentUrl":"https:\/\/leonsolarmount.com\/wp-content\/uploads\/2024\/09\/leon-solar-company-logo-250-250.png","width":1044,"height":720,"caption":"Xiamen Leon Solar Technology Co., Ltd"},"image":{"@id":"https:\/\/leonsolarmount.com\/ru\/#\/schema\/logo\/image\/"},"sameAs":["https:\/\/www.facebook.com\/profile.php?id=100091002557296","https:\/\/www.linkedin.com\/company\/xiamen-leon-solar-technology-corporation\/?viewAsMember=true","https:\/\/www.youtube.com\/@xiecindy2767","https:\/\/www.instagram.com\/leonsolarcindy\/"],"foundingDate":"2018-11-05","numberOfEmployees":{"@type":"QuantitativeValue","minValue":"1","maxValue":"10"}}]}},"_links":{"self":[{"href":"https:\/\/leonsolarmount.com\/es\/wp-json\/wp\/v2\/product\/1941"}],"collection":[{"href":"https:\/\/leonsolarmount.com\/es\/wp-json\/wp\/v2\/product"}],"about":[{"href":"https:\/\/leonsolarmount.com\/es\/wp-json\/wp\/v2\/types\/product"}],"wp:featuredmedia":[{"embeddable":true,"href":"https:\/\/leonsolarmount.com\/es\/wp-json\/wp\/v2\/media\/1942"}],"wp:attachment":[{"href":"https:\/\/leonsolarmount.com\/es\/wp-json\/wp\/v2\/media?parent=1941"}],"wp:term":[{"taxonomy":"product_brand","embeddable":true,"href":"https:\/\/leonsolarmount.com\/es\/wp-json\/wp\/v2\/product_brand?post=1941"},{"taxonomy":"product_cat","embeddable":true,"href":"https:\/\/leonsolarmount.com\/es\/wp-json\/wp\/v2\/product_cat?post=1941"},{"taxonomy":"product_tag","embeddable":true,"href":"https:\/\/leonsolarmount.com\/es\/wp-json\/wp\/v2\/product_tag?post=1941"}],"curies":[{"name":"wp","href":"https:\/\/api.w.org\/{rel}","templated":true}]}}